{"id":7225,"date":"2025-02-04T21:41:01","date_gmt":"2025-02-04T21:41:01","guid":{"rendered":"https:\/\/sundanceapartments.com\/erlebnisse\/"},"modified":"2026-03-29T18:56:32","modified_gmt":"2026-03-29T18:56:32","slug":"erlebnisse","status":"publish","type":"page","link":"https:\/\/sundanceapartments.com\/de\/erlebnisse\/","title":{"rendered":"Erlebnisse"},"content":{"rendered":"<p>[et_pb_section fb_built=&#8220;1&#8243; _builder_version=&#8220;4.27.5&#8243; _module_preset=&#8220;default&#8220; background_color=&#8220;RGBA(255,255,255,0)&#8220; background_image=&#8220;http:\/\/sundanceapartments.com\/wp-content\/uploads\/2025\/12\/SUNDANCE_EXPERIENCES_BANNER_1920_X_1080.jpg&#8220; background_position=&#8220;top_left&#8220; background_blend=&#8220;overlay&#8220; custom_padding=&#8220;||13px|||&#8220; background_last_edited=&#8220;on|phone&#8220; background_image_phone=&#8220;http:\/\/sundanceapartments.com\/wp-content\/uploads\/2026\/01\/SUNDANCE_EXPERIENCES_BANNER_1920_X_1080.jpg&#8220; background_enable_image_phone=&#8220;on&#8220; background_size_phone=&#8220;cover&#8220; background_position_phone=&#8220;center&#8220; custom_css_main_element=&#8220;min-height:100vh;&#8220; locked=&#8220;off&#8220; global_colors_info=&#8220;{}&#8220;][\/et_pb_section][et_pb_section fb_built=&#8220;1&#8243; _builder_version=&#8220;4.27.0&#8243; _module_preset=&#8220;default&#8220; background_enable_color=&#8220;off&#8220; custom_padding=&#8220;3px||11px|||&#8220; global_colors_info=&#8220;{}&#8220;][et_pb_row _builder_version=&#8220;4.27.4&#8243; _module_preset=&#8220;default&#8220; width_tablet=&#8220;&#8220; width_phone=&#8220;90%&#8220; width_last_edited=&#8220;on|phone&#8220; max_width=&#8220;2560px&#8220; global_colors_info=&#8220;{}&#8220; width__hover_enabled=&#8220;on|desktop&#8220;][et_pb_column type=&#8220;4_4&#8243; _builder_version=&#8220;4.27.0&#8243; _module_preset=&#8220;default&#8220; global_colors_info=&#8220;{}&#8220;][et_pb_text _builder_version=&#8220;4.27.5&#8243; _module_preset=&#8220;_initial&#8220; text_font_size=&#8220;32px&#8220; text_line_height=&#8220;1.4em&#8220; header_font_size=&#8220;20px&#8220; custom_margin=&#8220;30px||30px||true|false&#8220; custom_margin_tablet=&#8220;&#8220; custom_margin_phone=&#8220;&#8220; custom_margin_last_edited=&#8220;on|desktop&#8220; text_font_size_tablet=&#8220;32px&#8220; text_font_size_phone=&#8220;26px&#8220; text_font_size_last_edited=&#8220;on|phone&#8220; global_colors_info=&#8220;{}&#8220;]<\/p>\n<p>Momente, die Sie zum L\u00e4cheln bringen<br \/>Entdecken Sie das Beste von Kreta, wenn Sie im Sundance Apartments &amp; Suites wohnen. Ihre Zeit hier verbindet Entspannung und authentisches Abenteuer. Das Sundance Apartments &amp; Suites liegt in dem malerischen Dorf Koutouloufari und ist der perfekte Ausgangspunkt f\u00fcr Familien, die die Gegend erkunden m\u00f6chten. Ob Sie den authentischen Geschmack der kretischen K\u00fcche genie\u00dfen oder antike St\u00e4tten entdecken, jeder Moment hier schafft bleibende Erinnerungen. Tauchen Sie ein in die lokale Kultur und Aktivit\u00e4ten, die Sie zum L\u00e4cheln bringen!    <\/p>\n<p>[\/et_pb_text][\/et_pb_column][\/et_pb_row][\/et_pb_section][et_pb_section fb_built=&#8220;1&#8243; _builder_version=&#8220;4.24.2&#8243; _module_preset=&#8220;default&#8220; background_color=&#8220;#f3eee7&#8243; custom_margin=&#8220;0px||0px||false|false&#8220; custom_padding=&#8220;0px||0px||false|false&#8220; global_colors_info=&#8220;{}&#8220;][et_pb_row column_structure=&#8220;3_5,2_5&#8243; custom_padding_last_edited=&#8220;on|tablet&#8220; _builder_version=&#8220;4.27.4&#8243; _module_preset=&#8220;default&#8220; width_tablet=&#8220;&#8220; width_phone=&#8220;90%&#8220; width_last_edited=&#8220;on|phone&#8220; max_width=&#8220;2560px&#8220; custom_margin=&#8220;60px||0px||false|false&#8220; custom_padding=&#8220;0px||60px||false|false&#8220; custom_padding_tablet=&#8220;0px||0px||false|false&#8220; custom_padding_phone=&#8220;0px||60px||false|false&#8220; global_colors_info=&#8220;{}&#8220;][et_pb_column type=&#8220;3_5&#8243; _builder_version=&#8220;4.27.0&#8243; _module_preset=&#8220;default&#8220; global_colors_info=&#8220;{}&#8220;][et_pb_slider _builder_version=&#8220;4.27.5&#8243; _module_preset=&#8220;default&#8220; header_text_color=&#8220;#313131&#8243; header_letter_spacing=&#8220;1px&#8220; body_text_color=&#8220;#313131&#8243; min_height=&#8220;650px&#8220; min_height_tablet=&#8220;400px&#8220; min_height_phone=&#8220;300px&#8220; min_height_last_edited=&#8220;on|phone&#8220; global_colors_info=&#8220;{}&#8220;][et_pb_slide _builder_version=&#8220;4.27.5&#8243; _module_preset=&#8220;default&#8220; background_image=&#8220;http:\/\/sundanceapartments.com\/wp-content\/uploads\/2025\/12\/SUNDANCE_EXPERIENCES_SWIMMING_AROUND_1600_X_1200-1.jpg&#8220; background_enable_image=&#8220;on&#8220; global_colors_info=&#8220;{}&#8220; sticky_transition=&#8220;on&#8220;][\/et_pb_slide][et_pb_slide _builder_version=&#8220;4.27.5&#8243; _module_preset=&#8220;default&#8220; background_image=&#8220;http:\/\/sundanceapartments.com\/wp-content\/uploads\/2025\/12\/SUNDANCE_EXPERIENCES_SWIMMING_AROUND_1600_X_1200-3.jpg&#8220; background_enable_image=&#8220;on&#8220; global_colors_info=&#8220;{}&#8220; sticky_transition=&#8220;on&#8220;][\/et_pb_slide][et_pb_slide _builder_version=&#8220;4.27.5&#8243; _module_preset=&#8220;default&#8220; background_image=&#8220;http:\/\/sundanceapartments.com\/wp-content\/uploads\/2025\/12\/SUNDANCE_EXPERIENCES_SWIMMING_AROUND_1600_X_1200-4.jpg&#8220; background_enable_image=&#8220;on&#8220; global_colors_info=&#8220;{}&#8220; sticky_transition=&#8220;on&#8220;][\/et_pb_slide][et_pb_slide _builder_version=&#8220;4.27.5&#8243; _module_preset=&#8220;default&#8220; background_image=&#8220;http:\/\/sundanceapartments.com\/wp-content\/uploads\/2025\/12\/SUNDANCE_EXPERIENCES_SWIMMING_AROUND_1600_X_1200-2.jpg&#8220; background_enable_image=&#8220;on&#8220; global_colors_info=&#8220;{}&#8220; sticky_transition=&#8220;on&#8220;][\/et_pb_slide][\/et_pb_slider][\/et_pb_column][et_pb_column type=&#8220;2_5&#8243; _builder_version=&#8220;4.27.0&#8243; _module_preset=&#8220;default&#8220; custom_padding=&#8220;|5%|||false|false&#8220; global_colors_info=&#8220;{}&#8220;][et_pb_text _builder_version=&#8220;4.27.4&#8243; _module_preset=&#8220;_initial&#8220; text_font=&#8220;|||on|||||&#8220; text_text_color=&#8220;#313131&#8243; text_line_height=&#8220;1.2em&#8220; custom_margin=&#8220;120px|0px|10px|0px|false|false&#8220; custom_margin_tablet=&#8220;120px|0px|5px|0px|false|false&#8220; custom_margin_phone=&#8220;0px|0px|5px|0px|false|false&#8220; custom_margin_last_edited=&#8220;on|phone&#8220; custom_padding=&#8220;0px|0px|0px|0px|false|false&#8220; locked=&#8220;off&#8220; global_colors_info=&#8220;{}&#8220;]<\/p>\n<p>Herumschwimmen<\/p>\n<p>[\/et_pb_text][et_pb_text module_class=&#8220;italiana-regular&#8220; _builder_version=&#8220;4.27.5&#8243; _module_preset=&#8220;_initial&#8220; text_text_color=&#8220;#313131&#8243; text_font_size=&#8220;32px&#8220; text_line_height=&#8220;1em&#8220; custom_margin=&#8220;0px||20px||false|false&#8220; custom_margin_tablet=&#8220;0px||20px||false|false&#8220; custom_margin_phone=&#8220;0px||20px||false|false&#8220; custom_margin_last_edited=&#8220;on|desktop&#8220; locked=&#8220;off&#8220; global_colors_info=&#8220;{}&#8220;]Spa\u00df und Entspannung am Pool[\/et_pb_text][et_pb_text _builder_version=&#8220;4.27.5&#8243; _module_preset=&#8220;_initial&#8220; custom_margin_tablet=&#8220;&#8220; custom_margin_phone=&#8220;0px||-20px||false|false&#8220; custom_margin_last_edited=&#8220;on|phone&#8220; custom_padding=&#8220;||0px||false|false&#8220; global_colors_info=&#8220;{}&#8220;]W\u00e4hlen Sie, wo Sie ein Bad nehmen m\u00f6chten. Unser Hauptpool ist das Epizentrum des Vergn\u00fcgens und liegt direkt neben dem Restaurant. Hier k\u00f6nnen Sie den ganzen Tag verbringen: schwimmen, essen, Kaffee trinken, Smoothies genie\u00dfen oder Eis essen. F\u00fcr ruhige Momente sollten Sie unseren abgelegeneren, k\u00fcrzlich renovierten Pool besuchen. Dieser ruhige Bereich bietet Gelassenheit. Er ist ideal f\u00fcr absolute Entspannung. Zeit zum Tauchen! [\/et_pb_text][\/et_pb_column][\/et_pb_row][\/et_pb_section][et_pb_section fb_built=&#8220;1&#8243; custom_padding_last_edited=&#8220;on|desktop&#8220; _builder_version=&#8220;4.27.4&#8243; _module_preset=&#8220;default&#8220; custom_margin=&#8220;0px||0px||false|false&#8220; custom_padding=&#8220;0px||50px||false|false&#8220; custom_padding_tablet=&#8220;0px||50px||false|false&#8220; custom_padding_phone=&#8220;||0px||false|false&#8220; locked=&#8220;off&#8220; global_colors_info=&#8220;{}&#8220;][et_pb_row _builder_version=&#8220;4.27.0&#8243; _module_preset=&#8220;default&#8220; width=&#8220;100%&#8220; max_width=&#8220;2560px&#8220; custom_margin=&#8220;0px||0px||false|false&#8220; custom_padding=&#8220;0px||0px||false|false&#8220; locked=&#8220;off&#8220; global_colors_info=&#8220;{}&#8220;][et_pb_column type=&#8220;4_4&#8243; _builder_version=&#8220;4.27.0&#8243; _module_preset=&#8220;default&#8220; custom_padding=&#8220;||||false|false&#8220; global_colors_info=&#8220;{}&#8220;][et_pb_slider _builder_version=&#8220;4.27.5&#8243; _module_preset=&#8220;default&#8220; header_text_color=&#8220;#313131&#8243; header_letter_spacing=&#8220;1px&#8220; body_text_color=&#8220;#313131&#8243; module_alignment=&#8220;right&#8220; min_height=&#8220;900px&#8220; min_height_tablet=&#8220;650px&#8220; min_height_phone=&#8220;350px&#8220; min_height_last_edited=&#8220;on|phone&#8220; global_colors_info=&#8220;{}&#8220;][et_pb_slide _builder_version=&#8220;4.27.5&#8243; _module_preset=&#8220;default&#8220; background_image=&#8220;http:\/\/sundanceapartments.com\/wp-content\/uploads\/2025\/12\/SUNDANCE_ACTIVITIES_GOLF_1920_X_1080-3.jpg&#8220; background_enable_image=&#8220;on&#8220; global_colors_info=&#8220;{}&#8220; sticky_transition=&#8220;on&#8220;][\/et_pb_slide][et_pb_slide _builder_version=&#8220;4.27.5&#8243; _module_preset=&#8220;default&#8220; background_image=&#8220;http:\/\/sundanceapartments.com\/wp-content\/uploads\/2025\/12\/SUNDANCE_ACTIVITIES_HIKING_1920_X_1080-1.jpg&#8220; background_enable_image=&#8220;on&#8220; global_colors_info=&#8220;{}&#8220; sticky_transition=&#8220;on&#8220;][\/et_pb_slide][et_pb_slide _builder_version=&#8220;4.27.5&#8243; _module_preset=&#8220;default&#8220; background_image=&#8220;http:\/\/sundanceapartments.com\/wp-content\/uploads\/2025\/12\/SUNDANCE_ACTIVITIES_SKOTINO_CAVE_1920_X_1080-2.jpg&#8220; background_enable_image=&#8220;on&#8220; global_colors_info=&#8220;{}&#8220; sticky_transition=&#8220;on&#8220;][\/et_pb_slide][\/et_pb_slider][\/et_pb_column][\/et_pb_row][et_pb_row column_structure=&#8220;1_2,1_2&#8243; custom_padding_last_edited=&#8220;on|phone&#8220; _builder_version=&#8220;4.27.2&#8243; _module_preset=&#8220;default&#8220; width_tablet=&#8220;&#8220; width_phone=&#8220;90%&#8220; width_last_edited=&#8220;on|phone&#8220; max_width=&#8220;2560px&#8220; custom_padding=&#8220;60px||6px||false|false&#8220; custom_padding_tablet=&#8220;120px||120px||false|false&#8220; custom_padding_phone=&#8220;0px||40px||false|false&#8220; locked=&#8220;off&#8220; global_colors_info=&#8220;{}&#8220;][et_pb_column type=&#8220;1_2&#8243; _builder_version=&#8220;4.27.0&#8243; _module_preset=&#8220;default&#8220; custom_padding=&#8220;||||false|false&#8220; global_colors_info=&#8220;{}&#8220;][et_pb_text _builder_version=&#8220;4.27.5&#8243; _module_preset=&#8220;_initial&#8220; text_font=&#8220;|||on|||||&#8220; text_text_color=&#8220;#313131&#8243; text_line_height=&#8220;1.2em&#8220; custom_margin=&#8220;0px|0px|5px|0px|false|false&#8220; custom_margin_tablet=&#8220;0px|0px|10px|0px|false|false&#8220; custom_margin_phone=&#8220;35px||5px||false|false&#8220; custom_margin_last_edited=&#8220;on|desktop&#8220; custom_padding=&#8220;0px|0px|0px|0px|false|false&#8220; locked=&#8220;off&#8220; global_colors_info=&#8220;{}&#8220;]<\/p>\n<p>Aktivit\u00e4ten<\/p>\n<p>[\/et_pb_text][et_pb_text module_class=&#8220;italiana-regular&#8220; _builder_version=&#8220;4.27.5&#8243; _module_preset=&#8220;_initial&#8220; text_text_color=&#8220;#313131&#8243; text_font_size=&#8220;32px&#8220; text_line_height=&#8220;1.2em&#8220; width=&#8220;51%&#8220; width_tablet=&#8220;51%&#8220; width_phone=&#8220;100%&#8220; width_last_edited=&#8220;on|phone&#8220; custom_margin=&#8220;0px||10px||false|false&#8220; custom_margin_tablet=&#8220;0px||10px||false|false&#8220; custom_margin_phone=&#8220;||0px||false|false&#8220; custom_margin_last_edited=&#8220;on|desktop&#8220; custom_padding=&#8220;||0px||false|false&#8220; locked=&#8220;off&#8220; global_colors_info=&#8220;{}&#8220;]<\/p>\n<p>Entdecken Sie die antike Kultur und das lokale Leben<\/p>\n<p>[\/et_pb_text][\/et_pb_column][et_pb_column type=&#8220;1_2&#8243; _builder_version=&#8220;4.27.0&#8243; _module_preset=&#8220;default&#8220; global_colors_info=&#8220;{}&#8220;][et_pb_text _builder_version=&#8220;4.27.5&#8243; _module_preset=&#8220;_initial&#8220; custom_margin=&#8220;||||false|false&#8220; custom_margin_tablet=&#8220;||||false|false&#8220; custom_margin_phone=&#8220;||||false|false&#8220; custom_margin_last_edited=&#8220;on|desktop&#8220; custom_padding=&#8220;0px||||false|false&#8220; global_colors_info=&#8220;{}&#8220;]Das Abenteuer wartet gleich hinter dem Dorf auf Sie. Sie k\u00f6nnen zu Fu\u00df in das erstaunliche Dorf Koutouloufari gehen, um das echte lokale Flair zu erleben und charmante Tavernen und kleine Gesch\u00e4fte zu finden. Wandern Sie in der Aposelemis-Schlucht, der l\u00e4ngsten Schlucht im Norden Heraklions (6 km). Folgen Sie den Pfaden vorbei an alten Steinbr\u00fccken und venezianischen B\u00f6gen; die Wanderung dauert 2 bis 4 Stunden. Erkunden Sie die Naturgeschichte in der faszinierenden H\u00f6hle von Skotino, einer beeindruckenden St\u00e4tte, die seit minoischer Zeit als Heiligtum genutzt wird. Golfbegeisterte k\u00f6nnen im malerischen Crete Golf Club (6,5 km) eine anspruchsvolle Runde spielen. Dies ist der einzige 18-Loch-Golfplatz mit internationalem Standard auf Kreta, nur wenige Minuten von Koutouloufari entfernt. Umgeben von der beeindruckenden Landschaft des Lassithi-Gebirges, bietet er ein ausgezeichnetes Spielerlebnis f\u00fcr Spieler aller Spielst\u00e4rken.[\/et_pb_text][\/et_pb_column][\/et_pb_row][\/et_pb_section][et_pb_section fb_built=&#8220;1&#8243; _builder_version=&#8220;4.27.5&#8243; _module_preset=&#8220;default&#8220; background_color=&#8220;RGBA(255,255,255,0)&#8220; hover_enabled=&#8220;0&#8243; global_colors_info=&#8220;{}&#8220; disabled_on=&#8220;on|on|on&#8220; disabled=&#8220;on&#8220; sticky_enabled=&#8220;0&#8243;][et_pb_row column_structure=&#8220;3_5,2_5&#8243; _builder_version=&#8220;4.27.4&#8243; _module_preset=&#8220;default&#8220; width=&#8220;100%&#8220; width_tablet=&#8220;100%&#8220; width_phone=&#8220;100%&#8220; width_last_edited=&#8220;on|phone&#8220; max_width=&#8220;2560px&#8220; custom_margin=&#8220;0px|0px|0px|0px|false|false&#8220; custom_margin_tablet=&#8220;0px|0px|0px|0px|false|false&#8220; custom_margin_phone=&#8220;0px|0px|0px|0px|false|false&#8220; custom_margin_last_edited=&#8220;on|phone&#8220; custom_padding=&#8220;0px|0px|0px|0px|false|false&#8220; locked=&#8220;off&#8220; global_colors_info=&#8220;{}&#8220;][et_pb_column type=&#8220;3_5&#8243; _builder_version=&#8220;4.24.2&#8243; _module_preset=&#8220;default&#8220; global_colors_info=&#8220;{}&#8220;][et_pb_image src=&#8220;http:\/\/sundanceapartments.com\/wp-content\/uploads\/2025\/12\/SUNDANCE_EXPERIENCES_GYM_1600_X_1200.jpg&#8220; alt=&#8220;Aquila Rithyma Strand Kreta Hotel&#8220; title_text=&#8220;SUNDANCE_EXPERIENCES_GYM_1600_X_1200&#8243; _builder_version=&#8220;4.27.5&#8243; _module_preset=&#8220;default&#8220; scroll_vertical_motion=&#8220;0|70|70|100|4|0|-4&#8243; global_colors_info=&#8220;{}&#8220;][\/et_pb_image][\/et_pb_column][et_pb_column type=&#8220;2_5&#8243; _builder_version=&#8220;4.24.3&#8243; _module_preset=&#8220;default&#8220; custom_padding=&#8220;||||false|false&#8220; global_colors_info=&#8220;{}&#8220;][et_pb_text _builder_version=&#8220;4.27.5&#8243; _module_preset=&#8220;_initial&#8220; text_font=&#8220;|||on|||||&#8220; text_text_color=&#8220;#313131&#8243; text_letter_spacing=&#8220;1px&#8220; text_line_height=&#8220;1em&#8220; max_width_tablet=&#8220;&#8220; max_width_phone=&#8220;&#8220; max_width_last_edited=&#8220;on|desktop&#8220; custom_margin=&#8220;120px||10px||false|false&#8220; custom_margin_tablet=&#8220;120px||20px||false|false&#8220; custom_margin_phone=&#8220;-10px||5px||false|false&#8220; custom_margin_last_edited=&#8220;on|phone&#8220; custom_padding=&#8220;|0%||0%|false|true&#8220; custom_padding_tablet=&#8220;|10%||10%|false|true&#8220; custom_padding_phone=&#8220;|5%||5%|false|true&#8220; custom_padding_last_edited=&#8220;on|phone&#8220; global_colors_info=&#8220;{}&#8220;]<\/p>\n<p>Wellness<\/p>\n<p>[\/et_pb_text][et_pb_text module_class=&#8220;et_pb_slide_titleDifference&#8220; _builder_version=&#8220;4.27.5&#8243; _module_preset=&#8220;_initial&#8220; text_text_color=&#8220;#313131&#8243; text_font_size=&#8220;32px&#8220; text_letter_spacing=&#8220;1px&#8220; text_line_height=&#8220;1em&#8220; custom_margin=&#8220;0px||20px||false|false&#8220; custom_margin_tablet=&#8220;0px||20px||false|false&#8220; custom_margin_phone=&#8220;0px||20px||false|false&#8220; custom_margin_last_edited=&#8220;on|desktop&#8220; custom_padding=&#8220;|0%||0%|false|true&#8220; custom_padding_tablet=&#8220;|10%||10%|false|true&#8220; custom_padding_phone=&#8220;|5%||5%|false|true&#8220; custom_padding_last_edited=&#8220;on|phone&#8220; global_colors_info=&#8220;{}&#8220;]Aktives und ausgeglichenes Leben[\/et_pb_text][et_pb_text module_class=&#8220;mainTextWeight&#8220; _builder_version=&#8220;4.27.5&#8243; _module_preset=&#8220;_initial&#8220; text_line_height=&#8220;1.8em&#8220; custom_margin=&#8220;0px||0px||false|false&#8220; custom_margin_tablet=&#8220;0px||0px||false|false&#8220; custom_margin_phone=&#8220;0px||0px||false|false&#8220; custom_margin_last_edited=&#8220;on|desktop&#8220; custom_padding=&#8220;0px|10%|0px|0%|false|false&#8220; custom_padding_tablet=&#8220;||100px||false|false&#8220; custom_padding_phone=&#8220;|5%|20px|5%|false|false&#8220; custom_padding_last_edited=&#8220;on|phone&#8220; global_colors_info=&#8220;{}&#8220;]Pflegen Sie Ihren K\u00f6rper und Geist mit Aktivit\u00e4ten, die die Natur Kretas feiern. Wir bieten Ihnen jetzt ein neues, eigenes Fitnessstudio f\u00fcr Ihr Indoor-Fitnessprogramm. Schwimmen Sie in unseren ruhigen Pools oder genie\u00dfen Sie das klare blaue Meer. Sie k\u00f6nnen die reiche Unterwasserwelt direkt erkunden und haben leichten Zugang zu Schnorchel- und Tauchausfl\u00fcgen. Wenn Sie sich sportlich bet\u00e4tigen und dabei eine atemberaubende Aussicht genie\u00dfen m\u00f6chten, k\u00f6nnen Sie auf den sch\u00f6nen, alten Wanderwegen der Gegend spazieren gehen oder wandern. Diese Wege schl\u00e4ngeln sich durch H\u00fcgel und Olivenhaine.[\/et_pb_text][\/et_pb_column][\/et_pb_row][\/et_pb_section][et_pb_section fb_built=&#8220;1&#8243; disabled_on=&#8220;off|off|on&#8220; module_class=&#8220;stickyBook&#8220; _builder_version=&#8220;4.27.2&#8243; _module_preset=&#8220;default&#8220; background_color=&#8220;#b6a486&#8243; custom_margin=&#8220;0px||0px||false|false&#8220; custom_padding=&#8220;0px||0px||false|false&#8220; locked=&#8220;off&#8220; global_colors_info=&#8220;{}&#8220;][et_pb_row _builder_version=&#8220;4.27.0&#8243; _module_preset=&#8220;default&#8220; custom_margin=&#8220;0px||0px||false|false&#8220; custom_padding=&#8220;10px||10px||false|false&#8220; global_colors_info=&#8220;{}&#8220;][et_pb_column type=&#8220;4_4&#8243; _builder_version=&#8220;4.27.0&#8243; _module_preset=&#8220;default&#8220; global_colors_info=&#8220;{}&#8220;][et_pb_button button_url=&#8220;@ET-DC@eyJkeW5hbWljIjp0cnVlLCJjb250ZW50IjoicG9zdF9saW5rX3VybF9wYWdlIiwic2V0dGluZ3MiOnsicG9zdF9pZCI6IjI1NDAifX0=@&#8220; button_text=&#8220;Preise pr\u00fcfen&#8220; button_alignment=&#8220;center&#8220; admin_label=&#8220;Button&#8220; _builder_version=&#8220;4.27.2&#8243; _dynamic_attributes=&#8220;button_url&#8220; _module_preset=&#8220;default&#8220; custom_button=&#8220;on&#8220; button_text_size=&#8220;17px&#8220; button_text_color=&#8220;#FFFFFF&#8220; button_bg_color=&#8220;#b6a486&#8243; button_border_color=&#8220;rgba(182,164,134,0.66)&#8220; custom_margin=&#8220;0px||0px||false|false&#8220; locked=&#8220;off&#8220; global_colors_info=&#8220;{}&#8220;][\/et_pb_button][\/et_pb_column][\/et_pb_row][\/et_pb_section]<\/p>\n","protected":false},"excerpt":{"rendered":"<p>Momente, die Sie zum L\u00e4cheln bringenEntdecken Sie das Beste von Kreta, wenn Sie im Sundance Apartments &amp; Suites wohnen. Ihre Zeit hier verbindet Entspannung und authentisches Abenteuer. Das Sundance Apartments &amp; Suites liegt in dem malerischen Dorf Koutouloufari und ist der perfekte Ausgangspunkt f\u00fcr Familien, die die Gegend erkunden m\u00f6chten. Ob Sie den authentischen Geschmack [&hellip;]<\/p>\n","protected":false},"author":2,"featured_media":0,"parent":0,"menu_order":0,"comment_status":"closed","ping_status":"closed","template":"","meta":{"_et_pb_use_builder":"on","_et_pb_old_content":"","_et_gb_content_width":"","footnotes":""},"class_list":["post-7225","page","type-page","status-publish","hentry"],"_links":{"self":[{"href":"https:\/\/sundanceapartments.com\/de\/wp-json\/wp\/v2\/pages\/7225","targetHints":{"allow":["GET"]}}],"collection":[{"href":"https:\/\/sundanceapartments.com\/de\/wp-json\/wp\/v2\/pages"}],"about":[{"href":"https:\/\/sundanceapartments.com\/de\/wp-json\/wp\/v2\/types\/page"}],"author":[{"embeddable":true,"href":"https:\/\/sundanceapartments.com\/de\/wp-json\/wp\/v2\/users\/2"}],"replies":[{"embeddable":true,"href":"https:\/\/sundanceapartments.com\/de\/wp-json\/wp\/v2\/comments?post=7225"}],"version-history":[{"count":8,"href":"https:\/\/sundanceapartments.com\/de\/wp-json\/wp\/v2\/pages\/7225\/revisions"}],"predecessor-version":[{"id":7297,"href":"https:\/\/sundanceapartments.com\/de\/wp-json\/wp\/v2\/pages\/7225\/revisions\/7297"}],"wp:attachment":[{"href":"https:\/\/sundanceapartments.com\/de\/wp-json\/wp\/v2\/media?parent=7225"}],"curies":[{"name":"wp","href":"https:\/\/api.w.org\/{rel}","templated":true}]}}