{"id":7290,"date":"2025-02-04T21:41:22","date_gmt":"2025-02-04T21:41:22","guid":{"rendered":"https:\/\/sundanceapartments.com\/auf-einen-blick\/"},"modified":"2026-03-29T18:56:34","modified_gmt":"2026-03-29T18:56:34","slug":"auf-einen-blick","status":"publish","type":"page","link":"https:\/\/sundanceapartments.com\/de\/auf-einen-blick\/","title":{"rendered":"Auf einen Blick"},"content":{"rendered":"<p>[et_pb_section fb_built=&#8220;1&#8243; _builder_version=&#8220;4.27.5&#8243; _module_preset=&#8220;default&#8220; background_color=&#8220;RGBA(255,255,255,0)&#8220; background_image=&#8220;http:\/\/sundanceapartments.com\/wp-content\/uploads\/2025\/12\/SUNDANCE_OVERVIEW_AT_A_GLANCE_BANNER_1920_X_1080.jpg&#8220; custom_padding=&#8220;||13px|||&#8220; custom_css_main_element=&#8220;min-height:100vh;&#8220; locked=&#8220;off&#8220; global_colors_info=&#8220;{}&#8220;][\/et_pb_section][et_pb_section fb_built=&#8220;1&#8243; custom_padding_last_edited=&#8220;on|desktop&#8220; _builder_version=&#8220;4.27.4&#8243; _module_preset=&#8220;default&#8220; background_enable_color=&#8220;off&#8220; background_enable_image=&#8220;off&#8220; background_blend=&#8220;overlay&#8220; custom_margin=&#8220;||||false|false&#8220; custom_padding=&#8220;0px||40px||false|false&#8220; custom_padding_tablet=&#8220;0px||40px||false|false&#8220; custom_padding_phone=&#8220;||20px||false|false&#8220; locked=&#8220;off&#8220; global_colors_info=&#8220;{}&#8220;][et_pb_row _builder_version=&#8220;4.24.3&#8243; _module_preset=&#8220;default&#8220; custom_padding=&#8220;0px|||||&#8220; locked=&#8220;off&#8220; global_colors_info=&#8220;{}&#8220;][et_pb_column type=&#8220;4_4&#8243; _builder_version=&#8220;4.24.2&#8243; _module_preset=&#8220;default&#8220; global_colors_info=&#8220;{}&#8220;][et_pb_text _builder_version=&#8220;4.27.5&#8243; _module_preset=&#8220;_initial&#8220; text_font=&#8220;|||on|||||&#8220; text_text_color=&#8220;#313131&#8243; text_font_size=&#8220;15px&#8220; min_height=&#8220;31.8px&#8220; custom_margin=&#8220;60px||5px||false|false&#8220; custom_margin_tablet=&#8220;60px||5px||false|false&#8220; custom_margin_phone=&#8220;60px||5px||false|false&#8220; custom_margin_last_edited=&#8220;on|desktop&#8220; global_colors_info=&#8220;{}&#8220;]<\/p>\n<p style=\"text-align: center;\"><span>KENNENLERNEN  <\/span><\/p>\n<p>[\/et_pb_text][et_pb_text module_class=&#8220;italiana-regular&#8220; _builder_version=&#8220;4.27.5&#8243; _module_preset=&#8220;_initial&#8220; text_text_color=&#8220;#313131&#8243; text_font_size=&#8220;32px&#8220; text_line_height=&#8220;1em&#8220; custom_margin=&#8220;0px||0px||false|false&#8220; custom_margin_tablet=&#8220;0px||0px||false|false&#8220; custom_margin_phone=&#8220;0px||0px||false|false&#8220; custom_margin_last_edited=&#8220;on|desktop&#8220; custom_padding=&#8220;0px||10px||false|false&#8220; global_colors_info=&#8220;{}&#8220;]<\/p>\n<p style=\"text-align: center;\">Sundance Wohnungen &amp; Suiten  <\/p>\n<p>[\/et_pb_text][et_pb_text _builder_version=&#8220;4.27.5&#8243; _module_preset=&#8220;_initial&#8220; custom_margin_tablet=&#8220;&#8220; custom_margin_phone=&#8220;&#8220; custom_margin_last_edited=&#8220;on|desktop&#8220; global_colors_info=&#8220;{}&#8220;]<\/p>\n<p style=\"text-align: center;\">Sundance Apartments &amp; Suites ist eine exklusive Ferienresidenz, die eine \u00fcberzeugende Mischung aus Komfort und Flexibilit\u00e4t bietet. Ganz gleich, ob Sie einen Familienurlaub, einen R\u00fcckzugsort f\u00fcr Paare oder einen l\u00e4ngeren Aufenthalt mit Selbstverpflegung suchen, hier finden Sie alles, was Sie brauchen.   <\/p>\n<p>[\/et_pb_text][\/et_pb_column][\/et_pb_row][\/et_pb_section][et_pb_section fb_built=&#8220;1&#8243; _builder_version=&#8220;4.27.2&#8243; _module_preset=&#8220;default&#8220; background_color=&#8220;RGBA(255,255,255,0)&#8220; custom_margin=&#8220;0px||0px||false|false&#8220; custom_padding=&#8220;0px|0px|0px||false|false&#8220; locked=&#8220;off&#8220; global_colors_info=&#8220;{}&#8220;][et_pb_row custom_padding_last_edited=&#8220;on|tablet&#8220; _builder_version=&#8220;4.27.2&#8243; _module_preset=&#8220;default&#8220; width_tablet=&#8220;&#8220; width_phone=&#8220;90%&#8220; width_last_edited=&#8220;on|phone&#8220; custom_margin=&#8220;0px||0px||false|false&#8220; custom_padding=&#8220;60px||0px||false|false&#8220; custom_padding_tablet=&#8220;30px||0px||false|false&#8220; custom_padding_phone=&#8220;30px||0px||false|false&#8220; global_colors_info=&#8220;{}&#8220;][et_pb_column type=&#8220;4_4&#8243; _builder_version=&#8220;4.27.0&#8243; _module_preset=&#8220;default&#8220; global_colors_info=&#8220;{}&#8220;][et_pb_text module_class=&#8220;mainTitleHome&#8220; _builder_version=&#8220;4.27.4&#8243; _module_preset=&#8220;_initial&#8220; text_font=&#8220;|||on|||||&#8220; text_text_color=&#8220;#313131&#8243; text_line_height=&#8220;1.2em&#8220; custom_margin=&#8220;0px|0px|0px|0px|false|false&#8220; custom_margin_tablet=&#8220;120px|0px|5px|0px|false|false&#8220; custom_margin_phone=&#8220;20px|0px|5px|0px|false|false&#8220; custom_margin_last_edited=&#8220;on|phone&#8220; custom_padding=&#8220;0px|0px|0px|0px|false|false&#8220; locked=&#8220;off&#8220; global_colors_info=&#8220;{}&#8220;]<\/p>\n<p><strong>HOTEL-ANNEHMLICHKEITEN<\/strong><\/p>\n<p>[\/et_pb_text][et_pb_text _builder_version=&#8220;4.27.5&#8243; _module_preset=&#8220;_initial&#8220; custom_margin=&#8220;10px||||false|false&#8220; custom_margin_tablet=&#8220;10px||||false|false&#8220; custom_margin_phone=&#8220;10px||||false|false&#8220; custom_margin_last_edited=&#8220;on|desktop&#8220; global_colors_info=&#8220;{}&#8220;]<\/p>\n<ul>\n<ul>\n<li>61 Studios, Appartements, Suiten<\/li>\n<li>1 Pool Restaurant<\/li>\n<li>2 Schwimmb\u00e4der<\/li>\n<li>Zahlreiche Ausflugsm\u00f6glichkeiten und Bootsfahrten in der Umgebung. Auto-, Motorrad- und Fahrradverleih<\/li>\n<li>Bio-Gem\u00fcsegarten<\/li>\n<li>Kinderspielplatz<\/li>\n<li>Tischtennis<\/li>\n<li>Internet-Ecke<\/li>\n<\/ul>\n<\/ul>\n<p>[\/et_pb_text][\/et_pb_column][\/et_pb_row][et_pb_row custom_padding_last_edited=&#8220;on|tablet&#8220; _builder_version=&#8220;4.27.0&#8243; _module_preset=&#8220;default&#8220; width_tablet=&#8220;&#8220; width_phone=&#8220;90%&#8220; width_last_edited=&#8220;on|phone&#8220; custom_margin=&#8220;0px||0px||false|false&#8220; custom_padding=&#8220;40px||0px||false|false&#8220; custom_padding_tablet=&#8220;0px||0px||false|false&#8220; custom_padding_phone=&#8220;0px||0px||false|false&#8220; global_colors_info=&#8220;{}&#8220;][et_pb_column type=&#8220;4_4&#8243; _builder_version=&#8220;4.27.0&#8243; _module_preset=&#8220;default&#8220; global_colors_info=&#8220;{}&#8220;][et_pb_text module_class=&#8220;mainTitleHome&#8220; _builder_version=&#8220;4.27.4&#8243; _module_preset=&#8220;_initial&#8220; text_font=&#8220;|||on|||||&#8220; text_text_color=&#8220;#313131&#8243; text_line_height=&#8220;1.2em&#8220; custom_margin=&#8220;0px|0px|0px|0px|false|false&#8220; custom_margin_tablet=&#8220;120px|0px|5px|0px|false|false&#8220; custom_margin_phone=&#8220;20px|0px|5px|0px|false|false&#8220; custom_margin_last_edited=&#8220;on|phone&#8220; custom_padding=&#8220;0px|0px|0px|0px|false|false&#8220; locked=&#8220;off&#8220; global_colors_info=&#8220;{}&#8220;]<\/p>\n<p><strong>HOTEL-DIENSTLEISTUNGEN<\/strong><\/p>\n<p>[\/et_pb_text][et_pb_text _builder_version=&#8220;4.27.5&#8243; _module_preset=&#8220;_initial&#8220; custom_margin=&#8220;10px||||false|false&#8220; custom_margin_tablet=&#8220;10px||||false|false&#8220; custom_margin_phone=&#8220;10px||||false|false&#8220; custom_margin_last_edited=&#8220;on|desktop&#8220; global_colors_info=&#8220;{}&#8220;]<\/p>\n<ul>\n<li>24-Stunden-Rezeption<\/li>\n<li>24-Stunden-Gep\u00e4ckdienst<\/li>\n<li>Kostenloses Wi-Fi im gesamten Hotel<\/li>\n<li>Fr\u00fchst\u00fccksbuffet (08:00 &#8211; 11:00 Uhr)<\/li>\n<li>Chemische Reinigung, W\u00e4scherei, B\u00fcgelservice<\/li>\n<li>B\u00fcgeleisen\/ B\u00fcgelbrett (auf Anfrage)<\/li>\n<li>Transferdienste: F\u00fcr eine nahtlose und pers\u00f6nliche Ankunft k\u00f6nnen wir einen privaten Transfer vom Flughafen oder Hafen direkt zum Sundance Apartment and Suites organisieren.<\/li>\n<li>Auswahl an glutenfreien und veganen Gerichten<\/li>\n<li>Spezifische Di\u00e4tbed\u00fcrfnisse und St\u00f6rungen (auf Anfrage)<\/li>\n<li>Privatparkplatz (gegen Geb\u00fchr).<\/li>\n<li>Fr\u00fchst\u00fcck\/Mittagskorb<\/li>\n<li>Sch\u00f6nheitsbehandlung (auf Anfrage)<\/li>\n<li>Pool Handt\u00fccher<\/li>\n<li>Dusche &amp; Umkleideraum<\/li>\n<li>Kinderst\u00fchle im Restaurant<\/li>\n<li>Arzt auf Abruf*<\/li>\n<li>Baby-Sitting*<\/li>\n<li>Sch\u00f6nheitsbehandlungen*<\/li>\n<li>Privatparkplatz*<\/li>\n<li>Fr\u00fcher Check-in \/ Sp\u00e4ter Check-out bis 18:00 Uhr nach Verf\u00fcgbarkeit<\/li>\n<\/ul>\n<p>* Dienstleistungen auf Anfrage und gegen Aufpreis<\/p>\n<p>[\/et_pb_text][\/et_pb_column][\/et_pb_row][et_pb_row column_structure=&#8220;1_2,1_2&#8243; custom_padding_last_edited=&#8220;on|tablet&#8220; _builder_version=&#8220;4.27.2&#8243; _module_preset=&#8220;default&#8220; width_tablet=&#8220;&#8220; width_phone=&#8220;90%&#8220; width_last_edited=&#8220;on|phone&#8220; custom_margin=&#8220;0px||0px||false|false&#8220; custom_padding=&#8220;40px||0px||false|false&#8220; custom_padding_tablet=&#8220;0px||0px||false|false&#8220; custom_padding_phone=&#8220;0px||0px||false|false&#8220; global_colors_info=&#8220;{}&#8220;][et_pb_column type=&#8220;1_2&#8243; _builder_version=&#8220;4.27.0&#8243; _module_preset=&#8220;default&#8220; global_colors_info=&#8220;{}&#8220;][et_pb_text module_class=&#8220;mainTitleHome&#8220; _builder_version=&#8220;4.27.4&#8243; _module_preset=&#8220;_initial&#8220; text_font=&#8220;|||on|||||&#8220; text_text_color=&#8220;#313131&#8243; text_line_height=&#8220;1.2em&#8220; custom_margin=&#8220;0px|0px|0px|0px|false|false&#8220; custom_margin_tablet=&#8220;120px|0px|5px|0px|false|false&#8220; custom_margin_phone=&#8220;20px|0px|5px|0px|false|false&#8220; custom_margin_last_edited=&#8220;on|desktop&#8220; custom_padding=&#8220;0px|0px|0px|0px|false|false&#8220; locked=&#8220;off&#8220; global_colors_info=&#8220;{}&#8220;]<\/p>\n<p><strong>ZIMMERDIENSTE<\/strong><\/p>\n<p>[\/et_pb_text][et_pb_text _builder_version=&#8220;4.27.5&#8243; _module_preset=&#8220;_initial&#8220; custom_margin=&#8220;10px||||false|false&#8220; custom_margin_tablet=&#8220;10px||||false|false&#8220; custom_margin_phone=&#8220;10px||||false|false&#8220; custom_margin_last_edited=&#8220;on|phone&#8220; global_colors_info=&#8220;{}&#8220;]Alle Aufenthalte beinhalten<\/p>\n<ul>\n<li>Ausgew\u00e4hlte Toilettenartikel und Badutensilien<\/li>\n<li>Haartrockner<\/li>\n<li>T\u00e4glicher Zimmerservice<\/li>\n<li>Tee-\/Kaffeekocher<\/li>\n<li>Elektronisches Bankschlie\u00dffach<\/li>\n<li>Satelliten-Flachbildschirm-TV<\/li>\n<li>Klimatisierung\/Heizung<\/li>\n<\/ul>\n<p>[\/et_pb_text][\/et_pb_column][et_pb_column type=&#8220;1_2&#8243; _builder_version=&#8220;4.27.0&#8243; _module_preset=&#8220;default&#8220; global_colors_info=&#8220;{}&#8220;][et_pb_text module_class=&#8220;mainTitleHome&#8220; _builder_version=&#8220;4.27.2&#8243; _module_preset=&#8220;_initial&#8220; text_font=&#8220;|||on|||||&#8220; text_text_color=&#8220;#313131&#8243; text_line_height=&#8220;1.2em&#8220; custom_margin=&#8220;0px|0px|5px|0px|false|false&#8220; custom_margin_tablet=&#8220;120px|0px|5px|0px|false|false&#8220; custom_margin_phone=&#8220;-40px|0px|0px|0px|false|false&#8220; custom_margin_last_edited=&#8220;on|phone&#8220; custom_padding=&#8220;0px|0px|0px|0px|false|false&#8220; locked=&#8220;off&#8220; global_colors_info=&#8220;{}&#8220;][\/et_pb_text][et_pb_text _builder_version=&#8220;4.27.5&#8243; _module_preset=&#8220;_initial&#8220; custom_margin=&#8220;10px||||false|false&#8220; custom_margin_tablet=&#8220;10px||||false|false&#8220; custom_margin_phone=&#8220;0px||||false|false&#8220; custom_margin_last_edited=&#8220;on|phone&#8220; hover_enabled=&#8220;0&#8243; global_colors_info=&#8220;{}&#8220; sticky_enabled=&#8220;0&#8243;]<\/p>\n<ul>\n<li>Weckdienst<\/li>\n<li>Vollst\u00e4ndig ausgestattete K\u00fcchenzeile mit K\u00fchlschrank<\/li>\n<li>Privater Balkon oder Terrasse<\/li>\n<li>Babybetten, Kinderst\u00fchle und Bettgitter (auf Anfrage)<\/li>\n<li>Sitzecke<\/li>\n<\/ul>\n<p>[\/et_pb_text][\/et_pb_column][\/et_pb_row][\/et_pb_section][et_pb_section fb_built=&#8220;1&#8243; _builder_version=&#8220;4.27.2&#8243; _module_preset=&#8220;default&#8220; background_color=&#8220;RGBA(255,255,255,0)&#8220; custom_padding=&#8220;0px|||||&#8220; global_colors_info=&#8220;{}&#8220;][et_pb_row custom_padding_last_edited=&#8220;on|tablet&#8220; _builder_version=&#8220;4.27.0&#8243; _module_preset=&#8220;default&#8220; width_tablet=&#8220;&#8220; width_phone=&#8220;90%&#8220; width_last_edited=&#8220;on|phone&#8220; custom_margin=&#8220;0px||0px||false|false&#8220; custom_padding=&#8220;40px||0px||false|false&#8220; custom_padding_tablet=&#8220;0px||0px||false|false&#8220; custom_padding_phone=&#8220;0px||0px||false|false&#8220; global_colors_info=&#8220;{}&#8220;][et_pb_column type=&#8220;4_4&#8243; _builder_version=&#8220;4.27.0&#8243; _module_preset=&#8220;default&#8220; global_colors_info=&#8220;{}&#8220;][et_pb_text module_class=&#8220;mainTitleHome&#8220; _builder_version=&#8220;4.27.5&#8243; _module_preset=&#8220;_initial&#8220; text_font=&#8220;|||on|||||&#8220; text_text_color=&#8220;#313131&#8243; text_line_height=&#8220;1.2em&#8220; custom_margin=&#8220;0px|0px|0px|0px|false|false&#8220; custom_margin_tablet=&#8220;120px|0px|5px|0px|false|false&#8220; custom_margin_phone=&#8220;20px|0px|5px|0px|false|false&#8220; custom_margin_last_edited=&#8220;on|phone&#8220; custom_padding=&#8220;0px|0px|0px|0px|false|false&#8220; locked=&#8220;off&#8220; global_colors_info=&#8220;{}&#8220;]<\/p>\n<p><strong>HOTEL-POLITIK<\/strong><\/p>\n<p>[\/et_pb_text][et_pb_text _builder_version=&#8220;4.27.5&#8243; _module_preset=&#8220;_initial&#8220; custom_margin=&#8220;10px||||false|false&#8220; custom_margin_tablet=&#8220;10px||||false|false&#8220; custom_margin_phone=&#8220;10px||||false|false&#8220; custom_margin_last_edited=&#8220;on|desktop&#8220; global_colors_info=&#8220;{}&#8220;]<\/p>\n<ul>\n<li>Check-in Richtlinien: Check-in-Zeit: 14:00 | Check-out-Zeit: 11:00<\/li>\n<li>Sp\u00e4ter Check-out: Nach Verf\u00fcgbarkeit und auf Anfrage, gegen Aufpreis<\/li>\n<li>Zustellbett-Politik: Die Verf\u00fcgbarkeit f\u00fcr 3. und 4. G\u00e4ste h\u00e4ngt vom Zimmertyp und dem Zeitraum ab. Bitte erkundigen Sie sich bei unserem Buchungsteam. <\/li>\n<li>Raucherpolitik: Das Rauchen ist in den Hotelbereichen nicht gestattet, sondern nur in den daf\u00fcr vorgesehenen Au\u00dfenbereichen.<\/li>\n<li>Haustier-Politik: In den Sundance Apartments and Suites hei\u00dfen wir G\u00e4ste mit Begleithunden willkommen, um einen komfortablen und angenehmen Aufenthalt f\u00fcr alle zu gew\u00e4hrleisten. Bitte kontaktieren Sie uns im Voraus, um eine Vereinbarung zu treffen. Andere Haustiere sind nicht erlaubt.  <\/li>\n<li>Stornierungsbedingungen: Die Stornierungsbedingungen h\u00e4ngen vom jeweiligen Tarif und der Art Ihrer Reservierung ab. Bitte lesen Sie Ihre Reservierungsbest\u00e4tigung, um sich \u00fcber die Einzelheiten Ihrer Stornierungsbedingungen zu informieren. Sollten Sie weitere Unterst\u00fctzung ben\u00f6tigen oder Fragen haben, z\u00f6gern Sie bitte nicht, uns zu kontaktieren.  <\/li>\n<li><strong>Nachhaltigkeitspolitik<\/strong>: F\u00fcr weitere Informationen \u00fcber unser Nachhaltigkeitsprogramm <span style=\"text-decoration: underline;\"><a href=\"\/sustainability\/\">klicken Sie hier<\/a><\/span><\/li>\n<li><strong>Zug\u00e4nglichkeit<\/strong>: F\u00fcr weitere Informationen zur Barrierefreiheit kontaktieren Sie uns bitte unter <a href=\"mailto:info@aquilahotels.com\">info@aquilahotels.com<\/a><\/li>\n<\/ul>\n<p>[\/et_pb_text][\/et_pb_column][\/et_pb_row][et_pb_row custom_padding_last_edited=&#8220;on|tablet&#8220; _builder_version=&#8220;4.27.0&#8243; _module_preset=&#8220;default&#8220; width_tablet=&#8220;&#8220; width_phone=&#8220;90%&#8220; width_last_edited=&#8220;on|phone&#8220; custom_margin=&#8220;0px||0px||false|false&#8220; custom_padding=&#8220;40px||0px||false|false&#8220; custom_padding_tablet=&#8220;0px||0px||false|false&#8220; custom_padding_phone=&#8220;0px||0px||false|false&#8220; global_colors_info=&#8220;{}&#8220;][et_pb_column type=&#8220;4_4&#8243; _builder_version=&#8220;4.27.0&#8243; _module_preset=&#8220;default&#8220; global_colors_info=&#8220;{}&#8220;][et_pb_text module_class=&#8220;mainTitleHome&#8220; _builder_version=&#8220;4.27.4&#8243; _module_preset=&#8220;_initial&#8220; text_font=&#8220;|||on|||||&#8220; text_text_color=&#8220;#313131&#8243; text_line_height=&#8220;1.2em&#8220; custom_margin=&#8220;0px|0px|0px|0px|false|false&#8220; custom_margin_tablet=&#8220;120px|0px|5px|0px|false|false&#8220; custom_margin_phone=&#8220;20px|0px|5px|0px|false|false&#8220; custom_margin_last_edited=&#8220;on|phone&#8220; custom_padding=&#8220;0px|0px|0px|0px|false|false&#8220; locked=&#8220;off&#8220; global_colors_info=&#8220;{}&#8220;]<\/p>\n<p><strong>N\u00dcTZLICHE INFORMATIONEN<\/strong><\/p>\n<p>[\/et_pb_text][et_pb_text _builder_version=&#8220;4.27.5&#8243; _module_preset=&#8220;_initial&#8220; custom_margin=&#8220;10px||||false|false&#8220; custom_margin_tablet=&#8220;10px||||false|false&#8220; custom_margin_phone=&#8220;10px||||false|false&#8220; custom_margin_last_edited=&#8220;on|desktop&#8220; global_colors_info=&#8220;{}&#8220;]<\/p>\n<ul>\n<li>Zeitzone: Von M\u00e4rz bis Mitte Oktober: Osteurop\u00e4ische Zeit (EET) &#8211; GMT+2. Von Mitte Oktober bis M\u00e4rz: Osteurop\u00e4ische Sommerzeit (EEST) &#8211; GMT+3 (Sommerzeit) <\/li>\n<li>Zahlungsw\u00e4hrung: Euro<\/li>\n<li>Akzeptierte Kreditkarten: Visa, Mastercard, Maestro,<\/li>\n<li>Die Preise verstehen sich pro Zimmer, pro Nacht, inklusive Mehrwertsteuer.<\/li>\n<li>Die Regierung erhebt eine Umweltsteuer in H\u00f6he von EUR 5,00 pro Unterkunft und pro Nacht.<\/li>\n<li>Bargeldtransaktionen in diesem Haus d\u00fcrfen aufgrund nationaler Vorschriften 500 EUR nicht \u00fcberschreiten.<\/li>\n<li>Parken: Privatparkplatz (gegen Geb\u00fchr)<\/li>\n<li>Rezeption \/ Concierge<\/li>\n<p>  &#8211; Die Dienstleistungen der Rezeption umfassen: Weckrufe, Nachrichten, Autovermietung\/Ausfl\u00fcge, Informationen \u00fcber Fluggesellschaften, Kreditkarten.<\/li>\n<li>Medizinische Informationen: Hotelarzt auf Abruf. Medizinisches Zentrum 2 km, Apotheke 1,2 km entfernt, Krankenhaus 31 km entfernt. <\/li>\n<\/ul>\n<p>[\/et_pb_text][\/et_pb_column][\/et_pb_row][\/et_pb_section][et_pb_section fb_built=&#8220;1&#8243; disabled_on=&#8220;off|off|on&#8220; module_class=&#8220;stickyBook&#8220; _builder_version=&#8220;4.27.2&#8243; _module_preset=&#8220;default&#8220; background_color=&#8220;#b6a486&#8243; custom_margin=&#8220;0px||0px||false|false&#8220; custom_padding=&#8220;0px||0px||false|false&#8220; locked=&#8220;off&#8220; global_colors_info=&#8220;{}&#8220;][et_pb_row _builder_version=&#8220;4.27.0&#8243; _module_preset=&#8220;default&#8220; custom_margin=&#8220;0px||0px||false|false&#8220; custom_padding=&#8220;10px||10px||false|false&#8220; global_colors_info=&#8220;{}&#8220;][et_pb_column type=&#8220;4_4&#8243; _builder_version=&#8220;4.27.0&#8243; _module_preset=&#8220;default&#8220; global_colors_info=&#8220;{}&#8220;][et_pb_button button_url=&#8220;@ET-DC@eyJkeW5hbWljIjp0cnVlLCJjb250ZW50IjoicG9zdF9saW5rX3VybF9wYWdlIiwic2V0dGluZ3MiOnsicG9zdF9pZCI6IjI1NDAifX0=@&#8220; button_text=&#8220;Preise pr\u00fcfen&#8220; button_alignment=&#8220;center&#8220; admin_label=&#8220;Button&#8220; _builder_version=&#8220;4.27.2&#8243; _dynamic_attributes=&#8220;button_url&#8220; _module_preset=&#8220;default&#8220; custom_button=&#8220;on&#8220; button_text_size=&#8220;17px&#8220; button_text_color=&#8220;#FFFFFF&#8220; button_bg_color=&#8220;#b6a486&#8243; button_border_color=&#8220;rgba(182,164,134,0.66)&#8220; custom_margin=&#8220;0px||0px||false|false&#8220; locked=&#8220;off&#8220; global_colors_info=&#8220;{}&#8220;][\/et_pb_button][\/et_pb_column][\/et_pb_row][\/et_pb_section]<\/p>\n","protected":false},"excerpt":{"rendered":"<p>KENNENLERNEN Sundance Wohnungen &amp; Suiten Sundance Apartments &amp; Suites ist eine exklusive Ferienresidenz, die eine \u00fcberzeugende Mischung aus Komfort und Flexibilit\u00e4t bietet. Ganz gleich, ob Sie einen Familienurlaub, einen R\u00fcckzugsort f\u00fcr Paare oder einen l\u00e4ngeren Aufenthalt mit Selbstverpflegung suchen, hier finden Sie alles, was Sie brauchen. HOTEL-ANNEHMLICHKEITEN 61 Studios, Appartements, Suiten 1 Pool Restaurant 2 [&hellip;]<\/p>\n","protected":false},"author":2,"featured_media":0,"parent":0,"menu_order":0,"comment_status":"closed","ping_status":"closed","template":"","meta":{"_et_pb_use_builder":"on","_et_pb_old_content":"","_et_gb_content_width":"","footnotes":""},"class_list":["post-7290","page","type-page","status-publish","hentry"],"_links":{"self":[{"href":"https:\/\/sundanceapartments.com\/de\/wp-json\/wp\/v2\/pages\/7290","targetHints":{"allow":["GET"]}}],"collection":[{"href":"https:\/\/sundanceapartments.com\/de\/wp-json\/wp\/v2\/pages"}],"about":[{"href":"https:\/\/sundanceapartments.com\/de\/wp-json\/wp\/v2\/types\/page"}],"author":[{"embeddable":true,"href":"https:\/\/sundanceapartments.com\/de\/wp-json\/wp\/v2\/users\/2"}],"replies":[{"embeddable":true,"href":"https:\/\/sundanceapartments.com\/de\/wp-json\/wp\/v2\/comments?post=7290"}],"version-history":[{"count":1,"href":"https:\/\/sundanceapartments.com\/de\/wp-json\/wp\/v2\/pages\/7290\/revisions"}],"predecessor-version":[{"id":7299,"href":"https:\/\/sundanceapartments.com\/de\/wp-json\/wp\/v2\/pages\/7290\/revisions\/7299"}],"wp:attachment":[{"href":"https:\/\/sundanceapartments.com\/de\/wp-json\/wp\/v2\/media?parent=7290"}],"curies":[{"name":"wp","href":"https:\/\/api.w.org\/{rel}","templated":true}]}}