{"id":7364,"date":"2025-02-04T21:52:29","date_gmt":"2025-02-04T21:52:29","guid":{"rendered":"https:\/\/sundanceapartments.com\/aufenthalt\/suite-mit-2-schlafzimmern\/"},"modified":"2026-03-29T18:57:13","modified_gmt":"2026-03-29T18:57:13","slug":"suite-mit-2-schlafzimmern","status":"publish","type":"page","link":"https:\/\/sundanceapartments.com\/de\/aufenthalt\/suite-mit-2-schlafzimmern\/","title":{"rendered":"SUITE MIT 2 SCHLAFZIMMERN"},"content":{"rendered":"<p>[et_pb_section fb_built=&#8220;1&#8243; _builder_version=&#8220;4.26.0&#8243; _module_preset=&#8220;default&#8220; background_color=&#8220;#f3eee7&#8243; custom_margin=&#8220;-140px||||false|false&#8220; custom_padding=&#8220;0px||0px|||&#8220; global_colors_info=&#8220;{}&#8220;][et_pb_row _builder_version=&#8220;4.24.3&#8243; _module_preset=&#8220;default&#8220; width=&#8220;100%&#8220; max_width=&#8220;2560px&#8220; custom_padding=&#8220;0px||0px|||&#8220; global_colors_info=&#8220;{}&#8220;][et_pb_column type=&#8220;4_4&#8243; _builder_version=&#8220;4.24.3&#8243; _module_preset=&#8220;default&#8220; global_colors_info=&#8220;{}&#8220;][et_pb_slider _builder_version=&#8220;4.27.5&#8243; _module_preset=&#8220;default&#8220; header_text_color=&#8220;#FFFFFF&#8220; header_letter_spacing=&#8220;1px&#8220; body_text_color=&#8220;#FFFFFF&#8220; background_enable_image=&#8220;off&#8220; background_position=&#8220;bottom_center&#8220; min_height=&#8220;930px&#8220; min_height_tablet=&#8220;500px&#8220; min_height_phone=&#8220;400px&#8220; min_height_last_edited=&#8220;on|desktop&#8220; locked=&#8220;off&#8220; global_colors_info=&#8220;{}&#8220;][et_pb_slide _builder_version=&#8220;4.27.5&#8243; _module_preset=&#8220;default&#8220; background_image=&#8220;http:\/\/sundanceapartments.com\/wp-content\/uploads\/2025\/12\/SUNDANCE_TWO_BEDROOM_SUITE_BANNER_1920_X_1080.jpg&#8220; background_enable_image=&#8220;on&#8220; parallax=&#8220;on&#8220; width=&#8220;100%&#8220; background_last_edited=&#8220;on|phone&#8220; parallax_phone=&#8220;off&#8220; locked=&#8220;off&#8220; global_colors_info=&#8220;{}&#8220; sticky_transition=&#8220;on&#8220;][\/et_pb_slide][\/et_pb_slider][\/et_pb_column][\/et_pb_row][\/et_pb_section][et_pb_section fb_built=&#8220;1&#8243; _builder_version=&#8220;4.26.0&#8243; _module_preset=&#8220;default&#8220; background_color=&#8220;#f3eee7&#8243; custom_margin=&#8220;0px||0px||false|false&#8220; custom_padding=&#8220;100px||2px||false|false&#8220; global_colors_info=&#8220;{}&#8220;][et_pb_row _builder_version=&#8220;4.24.2&#8243; _module_preset=&#8220;default&#8220; width=&#8220;70%&#8220; width_tablet=&#8220;&#8220; width_phone=&#8220;90%&#8220; width_last_edited=&#8220;on|phone&#8220; max_width=&#8220;2560px&#8220; custom_padding=&#8220;0px||1px|||&#8220; global_colors_info=&#8220;{}&#8220;][et_pb_column type=&#8220;4_4&#8243; _builder_version=&#8220;4.26.0&#8243; _module_preset=&#8220;default&#8220; global_colors_info=&#8220;{}&#8220;][et_pb_text module_class=&#8220;italiana-regular&#8220; _builder_version=&#8220;4.27.5&#8243; _module_preset=&#8220;_initial&#8220; text_text_color=&#8220;#313131&#8243; text_font_size=&#8220;32px&#8220; text_line_height=&#8220;1.2em&#8220; min_height=&#8220;43.8px&#8220; custom_margin=&#8220;||30px||false|false&#8220; custom_margin_tablet=&#8220;||30px||false|false&#8220; custom_margin_phone=&#8220;||30px||false|false&#8220; custom_margin_last_edited=&#8220;on|desktop&#8220; custom_padding=&#8220;||||false|false&#8220; locked=&#8220;off&#8220; global_colors_info=&#8220;{}&#8220;]Suite[\/et_pb_text][\/et_pb_column][\/et_pb_row][et_pb_row column_structure=&#8220;3_5,2_5&#8243; _builder_version=&#8220;4.27.0&#8243; _module_preset=&#8220;default&#8220; width=&#8220;70%&#8220; width_tablet=&#8220;&#8220; width_phone=&#8220;90%&#8220; width_last_edited=&#8220;on|phone&#8220; max_width=&#8220;2560px&#8220; custom_padding=&#8220;0px||50px||false|false&#8220; global_colors_info=&#8220;{}&#8220;][et_pb_column type=&#8220;3_5&#8243; _builder_version=&#8220;4.26.0&#8243; _module_preset=&#8220;default&#8220; global_colors_info=&#8220;{}&#8220;][et_pb_text _builder_version=&#8220;4.27.5&#8243; _module_preset=&#8220;_initial&#8220; custom_margin_tablet=&#8220;&#8220; custom_margin_phone=&#8220;&#8220; custom_margin_last_edited=&#8220;on|desktop&#8220; global_colors_info=&#8220;{}&#8220;]Genie\u00dfen Sie wahren Komfort in unserer ger\u00e4umigen Suite. Das Maisonette-Design vermittelt ein Gef\u00fchl von Luxus und Zuhause und erstreckt sich \u00fcber zwei Etagen f\u00fcr maximalen Lebensraum. Die Einrichtung ist in hellen, luftigen Farben gehalten und wird durch elegante, handgefertigte Details erg\u00e4nzt, die Ihren Aufenthalt aufwerten. Sie profitieren von zwei separaten Schlafzimmern, die jedem Mitglied Ihrer Gruppe eine ausgezeichnete Privatsph\u00e4re bieten. Das ger\u00e4umige Hauptbadezimmer ist mit einer Regendusche ausgestattet, und Sie haben den Komfort eines zweiten WCs. Der gro\u00dfe Wohnbereich bietet problemlos Platz f\u00fcr zus\u00e4tzliche G\u00e4ste. Mit der voll ausgestatteten K\u00fcche und dem Esstisch k\u00f6nnen Sie sich ganz allein versorgen. Mit zwei privaten Balkonen haben Sie zus\u00e4tzliche Pl\u00e4tze f\u00fcr Entspannung und unglaubliche Momente zu zweit.[\/et_pb_text][et_pb_button button_url=&#8220;https:\/\/sundanceapartments.reserve-online.net\/&#8220; url_new_window=&#8220;on&#8220; button_text=&#8220;Preise pr\u00fcfen&#8220; admin_label=&#8220;Button&#8220; module_class=&#8220;fullwidthBTN&#8220; _builder_version=&#8220;4.27.5&#8243; _module_preset=&#8220;default&#8220; custom_button=&#8220;on&#8220; button_text_size=&#8220;17px&#8220; button_text_color=&#8220;#FFFFFF&#8220; button_bg_color=&#8220;rgba(182,164,134,0.66)&#8220; button_border_color=&#8220;rgba(182,164,134,0.66)&#8220; custom_margin=&#8220;100px||0px||false|false&#8220; custom_margin_tablet=&#8220;90px||0px||false|false&#8220; custom_margin_phone=&#8220;0px||||false|false&#8220; custom_margin_last_edited=&#8220;on|phone&#8220; custom_padding=&#8220;||||false|false&#8220; locked=&#8220;off&#8220; global_colors_info=&#8220;{}&#8220;][\/et_pb_button][\/et_pb_column][et_pb_column type=&#8220;2_5&#8243; _builder_version=&#8220;4.26.0&#8243; _module_preset=&#8220;default&#8220; global_colors_info=&#8220;{}&#8220;][et_pb_text _builder_version=&#8220;4.27.5&#8243; _module_preset=&#8220;_initial&#8220; text_line_height=&#8220;2.3em&#8220; custom_margin=&#8220;||-1px|||&#8220; custom_margin_tablet=&#8220;||-1px|||&#8220; custom_margin_phone=&#8220;||-1px|||&#8220; custom_margin_last_edited=&#8220;on|desktop&#8220; custom_padding=&#8220;0px||9px||false|false&#8220; border_radii=&#8220;on|1px|1px|1px|1px&#8220; border_width_bottom=&#8220;1px&#8220; border_color_bottom=&#8220;#b6a486&#8243; global_colors_info=&#8220;{}&#8220;]<\/p>\n<p><img decoding=\"async\" src=\"https:\/\/sundanceapartments.com\/wp-content\/uploads\/2025\/02\/A-adult.png\" width=\"16\" height=\"16\" alt=\"\" class=\"wp-image-1759 alignnone size-full\">  Platz f\u00fcr bis zu 6 Personen<br \/><img decoding=\"async\" src=\"https:\/\/sundanceapartments.com\/wp-content\/uploads\/2025\/02\/a-arrow.png\" width=\"16\" height=\"16\" alt=\"\" class=\"wp-image-1759 alignnone size-full\"> 65 m\u00b2<\/p>\n<p>[\/et_pb_text][el_modal_popup modal_id=&#8220;suite_floorplan&#8220; trigger_button_text=&#8220;View Floor plan&#8220; modal_close_icon=&#8220;&#x22;||divi||400&#8243; modal_custom_margin=&#8220;0px||0px||false|false&#8220; _builder_version=&#8220;4.27.5&#8243; _module_preset=&#8220;default&#8220; custom_trigger_button=&#8220;on&#8220; trigger_button_text_size=&#8220;15px&#8220; trigger_button_text_color=&#8220;#b6a486&#8243; custom_padding=&#8220;10px||||false|false&#8220; locked=&#8220;off&#8220; global_colors_info=&#8220;{}&#8220;]<\/p>\n<p>\u00a0<img decoding=\"async\" src=\"http:\/\/sundanceapartments.com\/wp-content\/uploads\/2025\/12\/SUNDANCE_1_TWO_BEDROOM_SUITE_FLOOR_PLAN-_GROUND_FLOOR-1024x585.jpg\" width=\"658\" height=\"376\" alt=\"\" class=\"wp-image-6881 alignnone size-large\" style=\"display: block; margin-left: auto; margin-right: auto;\" \/><\/p>\n<p><img decoding=\"async\" src=\"http:\/\/sundanceapartments.com\/wp-content\/uploads\/2025\/12\/SUNDANCE_2_TWO_BEDROOM_SUITE_FLOOR_PLAN_1ST_FLOOR-1024x585.jpg\" width=\"643\" height=\"367\" alt=\"\" class=\"wp-image-6882 alignnone size-large\" style=\"display: block; margin-left: auto; margin-right: auto;\" \/><\/p>\n<p>[\/el_modal_popup][\/et_pb_column][\/et_pb_row][et_pb_row _builder_version=&#8220;4.24.2&#8243; _module_preset=&#8220;default&#8220; background_color=&#8220;RGBA(255,255,255,0)&#8220; width=&#8220;100%&#8220; width_tablet=&#8220;70%&#8220; width_phone=&#8220;90%&#8220; width_last_edited=&#8220;on|desktop&#8220; max_width=&#8220;2560px&#8220; custom_padding=&#8220;0px|||||&#8220; global_colors_info=&#8220;{}&#8220;][et_pb_column type=&#8220;4_4&#8243; _builder_version=&#8220;4.26.0&#8243; _module_preset=&#8220;default&#8220; global_colors_info=&#8220;{}&#8220;][et_pb_text _builder_version=&#8220;4.24.2&#8243; _module_preset=&#8220;_initial&#8220; custom_margin_tablet=&#8220;&#8220; custom_margin_phone=&#8220;&#8220; custom_margin_last_edited=&#8220;on|desktop&#8220; global_colors_info=&#8220;{}&#8220;]<\/p>\n<div id=\"metaslider-id-582\" style=\"width: 100%;\" class=\"ml-slider-3-109-0 metaslider metaslider-flex metaslider-582 ml-slider has-carousel-mode ms-theme-default-base nav-hidden\" role=\"region\" aria-label=\"2 BEDROOM SUITE\" data-height=\"500\" data-width=\"700\">\n    <div id=\"metaslider_container_582\">\n        <div id=\"metaslider_582\">\n            <ul class='slides'>\n                <li style=\"display: none; width: 100%;\" class=\"slide-603 ms-image \" aria-roledescription=\"slide\" data-date=\"2025-02-09 10:58:11\" data-filename=\"SUNDANCE_TWO_BEDROOM_SUITE_GALLERY_1600_X_1050_-1-700x500.jpg\" data-slide-type=\"image\"><img decoding=\"async\" src=\"https:\/\/sundanceapartments.com\/wp-content\/uploads\/2025\/12\/SUNDANCE_TWO_BEDROOM_SUITE_GALLERY_1600_X_1050_-1-700x500.jpg\" height=\"500\" width=\"700\" alt=\"\" class=\"slider-582 slide-603 msDefaultImage\" title=\"SUNDANCE_TWO_BEDROOM_SUITE_GALLERY_1600_X_1050_ (1)\" \/><\/li>\n                <li style=\"display: none; width: 100%;\" class=\"slide-604 ms-image \" aria-roledescription=\"slide\" data-date=\"2025-02-09 10:58:11\" data-filename=\"SUNDANCE_TWO_BEDROOM_SUITE_GALLERY_1600_X_1050_-2-700x500.jpg\" data-slide-type=\"image\"><img decoding=\"async\" src=\"https:\/\/sundanceapartments.com\/wp-content\/uploads\/2025\/12\/SUNDANCE_TWO_BEDROOM_SUITE_GALLERY_1600_X_1050_-2-700x500.jpg\" height=\"500\" width=\"700\" alt=\"\" class=\"slider-582 slide-604 msDefaultImage\" title=\"SUNDANCE_TWO_BEDROOM_SUITE_GALLERY_1600_X_1050_ (2)\" \/><\/li>\n                <li style=\"display: none; width: 100%;\" class=\"slide-605 ms-image \" aria-roledescription=\"slide\" data-date=\"2025-02-09 10:58:11\" data-filename=\"SUNDANCE_TWO_BEDROOM_SUITE_GALLERY_1600_X_1050_-3-700x500.jpg\" data-slide-type=\"image\"><img decoding=\"async\" src=\"https:\/\/sundanceapartments.com\/wp-content\/uploads\/2025\/12\/SUNDANCE_TWO_BEDROOM_SUITE_GALLERY_1600_X_1050_-3-700x500.jpg\" height=\"500\" width=\"700\" alt=\"\" class=\"slider-582 slide-605 msDefaultImage\" title=\"SUNDANCE_TWO_BEDROOM_SUITE_GALLERY_1600_X_1050_ (3)\" \/><\/li>\n                <li style=\"display: none; width: 100%;\" class=\"slide-6830 ms-image \" aria-roledescription=\"slide\" data-date=\"2025-12-28 21:33:24\" data-filename=\"SUNDANCE_TWO_BEDROOM_SUITE_GALLERY_1600_X_1050_-4-700x500.jpg\" data-slide-type=\"image\"><img decoding=\"async\" src=\"https:\/\/sundanceapartments.com\/wp-content\/uploads\/2025\/12\/SUNDANCE_TWO_BEDROOM_SUITE_GALLERY_1600_X_1050_-4-700x500.jpg\" height=\"500\" width=\"700\" alt=\"\" class=\"slider-582 slide-6830 msDefaultImage\" title=\"SUNDANCE_TWO_BEDROOM_SUITE_GALLERY_1600_X_1050_ (4)\" \/><\/li>\n                <li style=\"display: none; width: 100%;\" class=\"slide-6832 ms-image \" aria-roledescription=\"slide\" data-date=\"2025-12-28 21:33:48\" data-filename=\"SUNDANCE_TWO_BEDROOM_SUITE_GALLERY_1600_X_1050_-5-700x500.jpg\" data-slide-type=\"image\"><img decoding=\"async\" src=\"https:\/\/sundanceapartments.com\/wp-content\/uploads\/2025\/12\/SUNDANCE_TWO_BEDROOM_SUITE_GALLERY_1600_X_1050_-5-700x500.jpg\" height=\"500\" width=\"700\" alt=\"\" class=\"slider-582 slide-6832 msDefaultImage\" title=\"SUNDANCE_TWO_BEDROOM_SUITE_GALLERY_1600_X_1050_ (5)\" \/><\/li>\n            <\/ul>\n        <\/div>\n        \n    <\/div>\n<\/div>\n<p>[\/et_pb_text][\/et_pb_column][\/et_pb_row][\/et_pb_section][et_pb_section fb_built=&#8220;1&#8243; _builder_version=&#8220;4.26.0&#8243; _module_preset=&#8220;default&#8220; custom_padding=&#8220;50px||50px||false|false&#8220; global_colors_info=&#8220;{}&#8220;][et_pb_row _builder_version=&#8220;4.27.0&#8243; _module_preset=&#8220;default&#8220; background_color=&#8220;#FFFFFF&#8220; width=&#8220;70%&#8220; width_tablet=&#8220;&#8220; width_phone=&#8220;90%&#8220; width_last_edited=&#8220;on|phone&#8220; max_width=&#8220;2560px&#8220; custom_margin=&#8220;||||false|false&#8220; custom_padding=&#8220;||||false|false&#8220; global_colors_info=&#8220;{}&#8220;][et_pb_column type=&#8220;4_4&#8243; _builder_version=&#8220;4.24.3&#8243; _module_preset=&#8220;default&#8220; global_colors_info=&#8220;{}&#8220;][et_pb_text module_class=&#8220;et_pb_slide_titleDifference&#8220; _builder_version=&#8220;4.27.0&#8243; _module_preset=&#8220;_initial&#8220; text_text_color=&#8220;#313131&#8243; text_font_size=&#8220;26px&#8220; text_letter_spacing=&#8220;1px&#8220; text_line_height=&#8220;1.5em&#8220; custom_margin=&#8220;0px|0px|0px|0px|false|false&#8220; custom_margin_tablet=&#8220;0px|0px|0px|0px|false|false&#8220; custom_margin_phone=&#8220;0px|0px|0px|0px|false|false&#8220; custom_margin_last_edited=&#8220;on|desktop&#8220; custom_padding=&#8220;0px|0px|0px|0px|false|false&#8220; locked=&#8220;off&#8220; global_colors_info=&#8220;{}&#8220;]<\/p>\n<p>Alle Aufenthalte beinhalten<\/p>\n<p>[\/et_pb_text][et_pb_text _builder_version=&#8220;4.27.5&#8243; _module_preset=&#8220;_initial&#8220; custom_margin=&#8220;0px|0px|0px|0px|false|false&#8220; custom_margin_tablet=&#8220;0px|0px|0px|0px|false|false&#8220; custom_margin_phone=&#8220;0px|0px|0px|0px|false|false&#8220; custom_margin_last_edited=&#8220;on|desktop&#8220; custom_padding=&#8220;0px|0px|0px|0px|false|false&#8220; locked=&#8220;off&#8220; global_colors_info=&#8220;{}&#8220;]<\/p>\n<ul>\n<li>Individuell gesteuerte Klimaanlage<\/li>\n<li>Kostenloses Hochgeschwindigkeits-Wi-Fi<\/li>\n<li>Flachbildfernseher mit Kabel-Satellitenanschluss<\/li>\n<li>Elektronisches Schlie\u00dffach (15-Zoll-Laptopgr\u00f6\u00dfe)<\/li>\n<li>Vollst\u00e4ndig ausgestattete K\u00fcchenzeile mit K\u00fchlschrank<\/li>\n<li>Espressomaschine mit Kaffee- und Teezubeh\u00f6r<\/li>\n<li>Sitzecke und Schlafsofa<\/li>\n<li>Badezimmer mit Glasduschkabine<\/li>\n<li>Haartrockner und Rasierklingenstecker<\/li>\n<li>Badutensilien und Handt\u00fccher f\u00fcr den Pool<\/li>\n<li>Privater Balkon oder Terrasse mit Gartenblick oder Meerblick<\/li>\n<li>Schallisolierte Fenster, elektronische Schl\u00f6sser<\/li>\n<li>Nicht-Raucher-Zimmer<\/li>\n<li>Babybetten, Kinderst\u00fchle und Bettgitter sind auf Anfrage erh\u00e4ltlich<\/li>\n<\/ul>\n<p>[\/et_pb_text][\/et_pb_column][\/et_pb_row][\/et_pb_section][et_pb_section fb_built=&#8220;1&#8243; _builder_version=&#8220;4.26.0&#8243; _module_preset=&#8220;default&#8220; background_color=&#8220;#f3eee7&#8243; global_colors_info=&#8220;{}&#8220;][et_pb_row _builder_version=&#8220;4.27.0&#8243; _module_preset=&#8220;default&#8220; background_color=&#8220;RGBA(255,255,255,0)&#8220; width=&#8220;70%&#8220; width_tablet=&#8220;&#8220; width_phone=&#8220;90%&#8220; width_last_edited=&#8220;on|phone&#8220; max_width=&#8220;2560px&#8220; custom_padding=&#8220;0px|0px|0px|0px|false|false&#8220; global_colors_info=&#8220;{}&#8220;][et_pb_column type=&#8220;4_4&#8243; _builder_version=&#8220;4.24.3&#8243; _module_preset=&#8220;default&#8220; global_colors_info=&#8220;{}&#8220;][et_pb_text module_class=&#8220;et_pb_slide_titleDifference&#8220; _builder_version=&#8220;4.26.0&#8243; _module_preset=&#8220;_initial&#8220; text_text_color=&#8220;#313131&#8243; text_font_size=&#8220;26px&#8220; text_letter_spacing=&#8220;1px&#8220; text_line_height=&#8220;1.5em&#8220; custom_margin=&#8220;-1px||||false|false&#8220; custom_margin_tablet=&#8220;-1px||||false|false&#8220; custom_margin_phone=&#8220;-1px||||false|false&#8220; custom_margin_last_edited=&#8220;on|desktop&#8220; locked=&#8220;off&#8220; global_colors_info=&#8220;{}&#8220;]<\/p>\n<p style=\"text-align: left;\">Andere Vorschl\u00e4ge<\/p>\n<p>[\/et_pb_text][\/et_pb_column][\/et_pb_row][et_pb_row column_structure=&#8220;1_2,1_2&#8243; _builder_version=&#8220;4.27.0&#8243; _module_preset=&#8220;default&#8220; width=&#8220;70%&#8220; width_tablet=&#8220;70%&#8220; width_phone=&#8220;90%&#8220; width_last_edited=&#8220;on|phone&#8220; max_width=&#8220;2560px&#8220; custom_margin=&#8220;20px||0px||false|false&#8220; custom_padding=&#8220;0px||0px||false|false&#8220; locked=&#8220;off&#8220; global_colors_info=&#8220;{}&#8220;][et_pb_column type=&#8220;1_2&#8243; _builder_version=&#8220;4.26.0&#8243; _module_preset=&#8220;default&#8220; global_colors_info=&#8220;{}&#8220;][et_pb_image src=&#8220;http:\/\/sundanceapartments.com\/wp-content\/uploads\/2025\/12\/SUNDANCE_APARTMENT_1600_X_1050_-3.jpg&#8220; title_text=&#8220;SUNDANCE_APARTMENT_1600_X_1050_ (3)&#8220; _builder_version=&#8220;4.27.5&#8243; _module_preset=&#8220;default&#8220; hover_transition_speed_curve=&#8220;ease-in-out&#8220; scroll_fade_enable=&#8220;on&#8220; locked=&#8220;off&#8220; global_colors_info=&#8220;{}&#8220;][\/et_pb_image][et_pb_text module_class=&#8220;mainTitleHome&#8220; _builder_version=&#8220;4.27.5&#8243; _module_preset=&#8220;_initial&#8220; text_text_color=&#8220;#313131&#8243; text_font_size=&#8220;22px&#8220; text_line_height=&#8220;1.2em&#8220; min_height=&#8220;55px&#8220; custom_margin=&#8220;0px||10px||false|false&#8220; custom_margin_tablet=&#8220;0px||10px||false|false&#8220; custom_margin_phone=&#8220;0px||10px||false|false&#8220; custom_margin_last_edited=&#8220;on|desktop&#8220; custom_padding=&#8220;0px||0px||false|false&#8220; locked=&#8220;off&#8220; global_colors_info=&#8220;{}&#8220;]<\/p>\n<p>Wohnung<\/p>\n<p>[\/et_pb_text][et_pb_button button_url=&#8220;@ET-DC@eyJkeW5hbWljIjp0cnVlLCJjb250ZW50IjoicG9zdF9saW5rX3VybF9wYWdlIiwic2V0dGluZ3MiOnsicG9zdF9pZCI6IjM0NiJ9fQ==@&#8220; button_text=&#8220;Details&#8220; admin_label=&#8220;Button&#8220; module_class=&#8220;fullwidthBTN&#8220; _builder_version=&#8220;4.27.5&#8243; _dynamic_attributes=&#8220;button_url&#8220; _module_preset=&#8220;default&#8220; custom_button=&#8220;on&#8220; button_text_size=&#8220;17px&#8220; button_text_color=&#8220;#b6a486&#8243; button_bg_color=&#8220;RGBA(255,255,255,0)&#8220; button_border_color=&#8220;rgba(182,164,134,0.66)&#8220; custom_margin=&#8220;0px||0px||false|false&#8220; locked=&#8220;off&#8220; global_colors_info=&#8220;{}&#8220;][\/et_pb_button][\/et_pb_column][et_pb_column type=&#8220;1_2&#8243; _builder_version=&#8220;4.26.0&#8243; _module_preset=&#8220;default&#8220; global_colors_info=&#8220;{}&#8220;][et_pb_image src=&#8220;http:\/\/sundanceapartments.com\/wp-content\/uploads\/2025\/12\/SUNDANCE_STUDIO_LISTING_1600_X_1050.jpg&#8220; title_text=&#8220;SUNDANCE_STUDIO_LISTING_1600_X_1050&#8243; _builder_version=&#8220;4.27.5&#8243; _module_preset=&#8220;default&#8220; scroll_fade_enable=&#8220;on&#8220; locked=&#8220;off&#8220; global_colors_info=&#8220;{}&#8220;][\/et_pb_image][et_pb_text module_class=&#8220;mainTitleHome&#8220; _builder_version=&#8220;4.27.5&#8243; _module_preset=&#8220;_initial&#8220; text_text_color=&#8220;#313131&#8243; text_font_size=&#8220;22px&#8220; text_line_height=&#8220;1.2em&#8220; min_height=&#8220;55px&#8220; custom_margin=&#8220;0px||10px||false|false&#8220; custom_margin_tablet=&#8220;0px||10px||false|false&#8220; custom_margin_phone=&#8220;0px||10px||false|false&#8220; custom_margin_last_edited=&#8220;on|desktop&#8220; custom_padding=&#8220;0px||0px||false|false&#8220; locked=&#8220;off&#8220; global_colors_info=&#8220;{}&#8220;]Studio[\/et_pb_text][et_pb_button button_url=&#8220;@ET-DC@eyJkeW5hbWljIjp0cnVlLCJjb250ZW50IjoicG9zdF9saW5rX3VybF9wYWdlIiwic2V0dGluZ3MiOnsicG9zdF9pZCI6IjM0MyJ9fQ==@&#8220; button_text=&#8220;Details&#8220; admin_label=&#8220;Button&#8220; module_class=&#8220;fullwidthBTN&#8220; _builder_version=&#8220;4.27.5&#8243; _dynamic_attributes=&#8220;button_url&#8220; _module_preset=&#8220;default&#8220; custom_button=&#8220;on&#8220; button_text_size=&#8220;17px&#8220; button_text_color=&#8220;#b6a486&#8243; button_bg_color=&#8220;RGBA(255,255,255,0)&#8220; button_border_color=&#8220;rgba(182,164,134,0.66)&#8220; custom_margin=&#8220;0px||0px||false|false&#8220; locked=&#8220;off&#8220; global_colors_info=&#8220;{}&#8220;][\/et_pb_button][\/et_pb_column][\/et_pb_row][\/et_pb_section][et_pb_section fb_built=&#8220;1&#8243; disabled_on=&#8220;off|off|on&#8220; module_class=&#8220;stickyBook&#8220; _builder_version=&#8220;4.27.2&#8243; _module_preset=&#8220;default&#8220; background_color=&#8220;#b6a486&#8243; custom_margin=&#8220;0px||0px||false|false&#8220; custom_padding=&#8220;0px||0px||false|false&#8220; locked=&#8220;off&#8220; global_colors_info=&#8220;{}&#8220;][et_pb_row _builder_version=&#8220;4.27.0&#8243; _module_preset=&#8220;default&#8220; custom_margin=&#8220;0px||0px||false|false&#8220; custom_padding=&#8220;10px||10px||false|false&#8220; global_colors_info=&#8220;{}&#8220;][et_pb_column type=&#8220;4_4&#8243; _builder_version=&#8220;4.27.0&#8243; _module_preset=&#8220;default&#8220; global_colors_info=&#8220;{}&#8220;][et_pb_button button_url=&#8220;@ET-DC@eyJkeW5hbWljIjp0cnVlLCJjb250ZW50IjoicG9zdF9saW5rX3VybF9wYWdlIiwic2V0dGluZ3MiOnsicG9zdF9pZCI6IjI1NDAifX0=@&#8220; button_text=&#8220;Preise pr\u00fcfen&#8220; button_alignment=&#8220;center&#8220; admin_label=&#8220;Button&#8220; _builder_version=&#8220;4.27.2&#8243; _dynamic_attributes=&#8220;button_url&#8220; _module_preset=&#8220;default&#8220; custom_button=&#8220;on&#8220; button_text_size=&#8220;17px&#8220; button_text_color=&#8220;#FFFFFF&#8220; button_bg_color=&#8220;#b6a486&#8243; button_border_color=&#8220;rgba(182,164,134,0.66)&#8220; custom_margin=&#8220;0px||0px||false|false&#8220; locked=&#8220;off&#8220; global_colors_info=&#8220;{}&#8220;][\/et_pb_button][\/et_pb_column][\/et_pb_row][\/et_pb_section]<\/p>\n","protected":false},"excerpt":{"rendered":"<p>SuiteGenie\u00dfen Sie wahren Komfort in unserer ger\u00e4umigen Suite. Das Maisonette-Design vermittelt ein Gef\u00fchl von Luxus und Zuhause und erstreckt sich \u00fcber zwei Etagen f\u00fcr maximalen Lebensraum. Die Einrichtung ist in hellen, luftigen Farben gehalten und wird durch elegante, handgefertigte Details erg\u00e4nzt, die Ihren Aufenthalt aufwerten. Sie profitieren von zwei separaten Schlafzimmern, die jedem Mitglied Ihrer [&hellip;]<\/p>\n","protected":false},"author":2,"featured_media":0,"parent":7221,"menu_order":0,"comment_status":"closed","ping_status":"closed","template":"","meta":{"_et_pb_use_builder":"on","_et_pb_old_content":"","_et_gb_content_width":"","footnotes":""},"class_list":["post-7364","page","type-page","status-publish","hentry"],"_links":{"self":[{"href":"https:\/\/sundanceapartments.com\/de\/wp-json\/wp\/v2\/pages\/7364","targetHints":{"allow":["GET"]}}],"collection":[{"href":"https:\/\/sundanceapartments.com\/de\/wp-json\/wp\/v2\/pages"}],"about":[{"href":"https:\/\/sundanceapartments.com\/de\/wp-json\/wp\/v2\/types\/page"}],"author":[{"embeddable":true,"href":"https:\/\/sundanceapartments.com\/de\/wp-json\/wp\/v2\/users\/2"}],"replies":[{"embeddable":true,"href":"https:\/\/sundanceapartments.com\/de\/wp-json\/wp\/v2\/comments?post=7364"}],"version-history":[{"count":1,"href":"https:\/\/sundanceapartments.com\/de\/wp-json\/wp\/v2\/pages\/7364\/revisions"}],"predecessor-version":[{"id":7372,"href":"https:\/\/sundanceapartments.com\/de\/wp-json\/wp\/v2\/pages\/7364\/revisions\/7372"}],"up":[{"embeddable":true,"href":"https:\/\/sundanceapartments.com\/de\/wp-json\/wp\/v2\/pages\/7221"}],"wp:attachment":[{"href":"https:\/\/sundanceapartments.com\/de\/wp-json\/wp\/v2\/media?parent=7364"}],"curies":[{"name":"wp","href":"https:\/\/api.w.org\/{rel}","templated":true}]}}