{"id":7248,"date":"2025-02-04T21:41:01","date_gmt":"2025-02-04T21:41:01","guid":{"rendered":"https:\/\/sundanceapartments.com\/experiences\/"},"modified":"2026-03-29T18:56:33","modified_gmt":"2026-03-29T18:56:33","slug":"experiences","status":"publish","type":"page","link":"https:\/\/sundanceapartments.com\/fr\/experiences\/","title":{"rendered":"Exp\u00e9riences"},"content":{"rendered":"<p>[et_pb_section fb_built=\u00a0\u00bb1&Prime; _builder_version=\u00a0\u00bb4.27.5&Prime; _module_preset=\u00a0\u00bbdefault\u00a0\u00bb background_color=\u00a0\u00bbRGBA(255,255,255,0)\u00a0\u00bb background_image=\u00a0\u00bbhttp:\/\/sundanceapartments.com\/wp-content\/uploads\/2025\/12\/SUNDANCE_EXPERIENCES_BANNER_1920_X_1080.jpg\u00a0\u00bb background_position=\u00a0\u00bbtop_left\u00a0\u00bb background_blend=\u00a0\u00bboverlay\u00a0\u00bb custom_padding=\u00a0\u00bb||13px|||\u00a0\u00bb background_last_edited=\u00a0\u00bbon|phone\u00a0\u00bb background_image_phone=\u00a0\u00bbhttp:\/\/sundanceapartments.com\/wp-content\/uploads\/2026\/01\/SUNDANCE_EXPERIENCES_BANNER_1920_X_1080.jpg\u00a0\u00bb background_enable_image_phone=\u00a0\u00bbon\u00a0\u00bb background_size_phone=\u00a0\u00bbcover\u00a0\u00bb background_position_phone=\u00a0\u00bbcenter\u00a0\u00bb custom_css_main_element=\u00a0\u00bbmin-height:100vh;\u00a0\u00bb locked=\u00a0\u00bboff\u00a0\u00bb global_colors_info=\u00a0\u00bb{}\u00a0\u00bb][\/et_pb_section][et_pb_section fb_built=\u00a0\u00bb1&Prime; _builder_version=\u00a0\u00bb4.27.0&Prime; _module_preset=\u00a0\u00bbdefault\u00a0\u00bb background_enable_color=\u00a0\u00bboff\u00a0\u00bb custom_padding=\u00a0\u00bb3px||11px|||\u00a0\u00bb global_colors_info=\u00a0\u00bb{}\u00a0\u00bb][et_pb_row _builder_version=\u00a0\u00bb4.27.4&Prime; _module_preset=\u00a0\u00bbdefault\u00a0\u00bb width_tablet=\u00a0\u00bb\u00a0\u00bb width_phone=\u00a0\u00bb90%\u00a0\u00bb width_last_edited=\u00a0\u00bbon|phone\u00a0\u00bb max_width=\u00a0\u00bb2560px\u00a0\u00bb global_colors_info=\u00a0\u00bb{}\u00a0\u00bb width__hover_enabled=\u00a0\u00bbon|desktop\u00a0\u00bb][et_pb_column type=\u00a0\u00bb4_4&Prime; _builder_version=\u00a0\u00bb4.27.0&Prime; _module_preset=\u00a0\u00bbdefault\u00a0\u00bb global_colors_info=\u00a0\u00bb{}\u00a0\u00bb][et_pb_text _builder_version=\u00a0\u00bb4.27.5&Prime; _module_preset=\u00a0\u00bb_initial\u00a0\u00bb text_font_size=\u00a0\u00bb32px\u00a0\u00bb text_line_height=\u00a0\u00bb1.4em\u00a0\u00bb header_font_size=\u00a0\u00bb20px\u00a0\u00bb custom_margin=\u00a0\u00bb30px||30px||true|false\u00a0\u00bb custom_margin_tablet=\u00a0\u00bb\u00a0\u00bb custom_margin_phone=\u00a0\u00bb\u00a0\u00bb custom_margin_last_edited=\u00a0\u00bbon|desktop\u00a0\u00bb text_font_size_tablet=\u00a0\u00bb32px\u00a0\u00bb text_font_size_phone=\u00a0\u00bb26px\u00a0\u00bb text_font_size_last_edited=\u00a0\u00bbon|phone\u00a0\u00bb global_colors_info=\u00a0\u00bb{}\u00a0\u00bb]<\/p>\n<p>Des moments qui vous font sourire<br \/>D\u00e9couvrez le meilleur de la Cr\u00e8te en s\u00e9journant \u00e0 Sundance Apartments &amp; Suites. Votre s\u00e9jour allie d\u00e9tente et aventure authentique. Situ\u00e9 dans le village pittoresque de Koutouloufari, l&rsquo;\u00e9tablissement Sundance Apartments &amp; Suites constitue un point de d\u00e9part id\u00e9al pour les familles qui explorent la r\u00e9gion. En savourant les saveurs authentiques du r\u00e9gime cr\u00e9tois ou en d\u00e9couvrant des sites anciens, chaque moment pass\u00e9 ici vous laissera des souvenirs imp\u00e9rissables. Entrez dans la culture locale et participez \u00e0 des activit\u00e9s qui vous feront sourire !    <\/p>\n<p>[\/et_pb_text][\/et_pb_column][\/et_pb_row][\/et_pb_section][et_pb_section fb_built=\u00a0\u00bb1&Prime; _builder_version=\u00a0\u00bb4.24.2&Prime; _module_preset=\u00a0\u00bbdefault\u00a0\u00bb background_color=\u00a0\u00bb#f3eee7&Prime; custom_margin=\u00a0\u00bb0px||0px||false|false\u00a0\u00bb custom_padding=\u00a0\u00bb0px||0px||false|false\u00a0\u00bb global_colors_info=\u00a0\u00bb{}\u00a0\u00bb][et_pb_row column_structure=\u00a0\u00bb3_5,2_5&Prime; custom_padding_last_edited=\u00a0\u00bbon|tablet\u00a0\u00bb _builder_version=\u00a0\u00bb4.27.4&Prime; _module_preset=\u00a0\u00bbdefault\u00a0\u00bb width_tablet=\u00a0\u00bb\u00a0\u00bb width_phone=\u00a0\u00bb90%\u00a0\u00bb width_last_edited=\u00a0\u00bbon|phone\u00a0\u00bb max_width=\u00a0\u00bb2560px\u00a0\u00bb custom_margin=\u00a0\u00bb60px||0px||false|false\u00a0\u00bb custom_padding=\u00a0\u00bb0px||60px||false|false\u00a0\u00bb custom_padding_tablet=\u00a0\u00bb0px||0px||false|false\u00a0\u00bb custom_padding_phone=\u00a0\u00bb0px||60px||false|false\u00a0\u00bb global_colors_info=\u00a0\u00bb{}\u00a0\u00bb][et_pb_column type=\u00a0\u00bb3_5&Prime; _builder_version=\u00a0\u00bb4.27.0&Prime; _module_preset=\u00a0\u00bbdefault\u00a0\u00bb global_colors_info=\u00a0\u00bb{}\u00a0\u00bb][et_pb_slider _builder_version=\u00a0\u00bb4.27.5&Prime; _module_preset=\u00a0\u00bbdefault\u00a0\u00bb header_text_color=\u00a0\u00bb#313131&Prime; header_letter_spacing=\u00a0\u00bb1px\u00a0\u00bb body_text_color=\u00a0\u00bb#313131&Prime; min_height=\u00a0\u00bb650px\u00a0\u00bb min_height_tablet=\u00a0\u00bb400px\u00a0\u00bb min_height_phone=\u00a0\u00bb300px\u00a0\u00bb min_height_last_edited=\u00a0\u00bbon|phone\u00a0\u00bb global_colors_info=\u00a0\u00bb{}\u00a0\u00bb][et_pb_slide _builder_version=\u00a0\u00bb4.27.5&Prime; _module_preset=\u00a0\u00bbdefault\u00a0\u00bb background_image=\u00a0\u00bbhttp:\/\/sundanceapartments.com\/wp-content\/uploads\/2025\/12\/SUNDANCE_EXPERIENCES_SWIMMING_AROUND_1600_X_1200-1.jpg\u00a0\u00bb background_enable_image=\u00a0\u00bbon\u00a0\u00bb global_colors_info=\u00a0\u00bb{}\u00a0\u00bb sticky_transition=\u00a0\u00bbon\u00a0\u00bb][\/et_pb_slide][et_pb_slide _builder_version=\u00a0\u00bb4.27.5&Prime; _module_preset=\u00a0\u00bbdefault\u00a0\u00bb background_image=\u00a0\u00bbhttp:\/\/sundanceapartments.com\/wp-content\/uploads\/2025\/12\/SUNDANCE_EXPERIENCES_SWIMMING_AROUND_1600_X_1200-3.jpg\u00a0\u00bb background_enable_image=\u00a0\u00bbon\u00a0\u00bb global_colors_info=\u00a0\u00bb{}\u00a0\u00bb sticky_transition=\u00a0\u00bbon\u00a0\u00bb][\/et_pb_slide][et_pb_slide _builder_version=\u00a0\u00bb4.27.5&Prime; _module_preset=\u00a0\u00bbdefault\u00a0\u00bb background_image=\u00a0\u00bbhttp:\/\/sundanceapartments.com\/wp-content\/uploads\/2025\/12\/SUNDANCE_EXPERIENCES_SWIMMING_AROUND_1600_X_1200-4.jpg\u00a0\u00bb background_enable_image=\u00a0\u00bbon\u00a0\u00bb global_colors_info=\u00a0\u00bb{}\u00a0\u00bb sticky_transition=\u00a0\u00bbon\u00a0\u00bb][\/et_pb_slide][et_pb_slide _builder_version=\u00a0\u00bb4.27.5&Prime; _module_preset=\u00a0\u00bbdefault\u00a0\u00bb background_image=\u00a0\u00bbhttp:\/\/sundanceapartments.com\/wp-content\/uploads\/2025\/12\/SUNDANCE_EXPERIENCES_SWIMMING_AROUND_1600_X_1200-2.jpg\u00a0\u00bb background_enable_image=\u00a0\u00bbon\u00a0\u00bb global_colors_info=\u00a0\u00bb{}\u00a0\u00bb sticky_transition=\u00a0\u00bbon\u00a0\u00bb][\/et_pb_slide][\/et_pb_slider][\/et_pb_column][et_pb_column type=\u00a0\u00bb2_5&Prime; _builder_version=\u00a0\u00bb4.27.0&Prime; _module_preset=\u00a0\u00bbdefault\u00a0\u00bb custom_padding=\u00a0\u00bb|5%|||false|false\u00a0\u00bb global_colors_info=\u00a0\u00bb{}\u00a0\u00bb][et_pb_text _builder_version=\u00a0\u00bb4.27.4&Prime; _module_preset=\u00a0\u00bb_initial\u00a0\u00bb text_font=\u00a0\u00bb|||on|||||\u00a0\u00bb text_text_color=\u00a0\u00bb#313131&Prime; text_line_height=\u00a0\u00bb1.2em\u00a0\u00bb custom_margin=\u00a0\u00bb120px|0px|10px|0px|false|false\u00a0\u00bb custom_margin_tablet=\u00a0\u00bb120px|0px|5px|0px|false|false\u00a0\u00bb custom_margin_phone=\u00a0\u00bb0px|0px|5px|0px|false|false\u00a0\u00bb custom_margin_last_edited=\u00a0\u00bbon|phone\u00a0\u00bb custom_padding=\u00a0\u00bb0px|0px|0px|0px|false|false\u00a0\u00bb locked=\u00a0\u00bboff\u00a0\u00bb global_colors_info=\u00a0\u00bb{}\u00a0\u00bb]<\/p>\n<p>Nager autour<\/p>\n<p>[\/et_pb_text][et_pb_text module_class=\u00a0\u00bbitaliana-regular\u00a0\u00bb _builder_version=\u00a0\u00bb4.27.5&Prime; _module_preset=\u00a0\u00bb_initial\u00a0\u00bb text_text_color=\u00a0\u00bb#313131&Prime; text_font_size=\u00a0\u00bb32px\u00a0\u00bb text_line_height=\u00a0\u00bb1em\u00a0\u00bb custom_margin=\u00a0\u00bb0px||20px||false|false\u00a0\u00bb custom_margin_tablet=\u00a0\u00bb0px||20px||false|false\u00a0\u00bb custom_margin_phone=\u00a0\u00bb0px||20px||false|false\u00a0\u00bb custom_margin_last_edited=\u00a0\u00bbon|desktop\u00a0\u00bb locked=\u00a0\u00bboff\u00a0\u00bb global_colors_info=\u00a0\u00bb{}\u00a0\u00bb]Plaisir et d\u00e9tente au bord de la piscine[\/et_pb_text][et_pb_text _builder_version=\u00a0\u00bb4.27.5&Prime; _module_preset=\u00a0\u00bb_initial\u00a0\u00bb custom_margin_tablet=\u00a0\u00bb\u00a0\u00bb custom_margin_phone=\u00a0\u00bb0px||-20px||false|false\u00a0\u00bb custom_margin_last_edited=\u00a0\u00bbon|phone\u00a0\u00bb custom_padding=\u00a0\u00bb||0px||false|false\u00a0\u00bb global_colors_info=\u00a0\u00bb{}\u00a0\u00bb]Choisissez l&rsquo;endroit o\u00f9 vous voulez faire trempette. Notre piscine principale est l&rsquo;\u00e9picentre du plaisir, id\u00e9alement situ\u00e9e \u00e0 c\u00f4t\u00e9 du restaurant. Vous pouvez y passer toute la journ\u00e9e : nager, manger, boire un caf\u00e9, d\u00e9guster un smoothie ou une glace. Pour les moments de calme, visitez notre piscine plus isol\u00e9e, r\u00e9cemment r\u00e9nov\u00e9e. Cet espace tranquille vous offre la s\u00e9r\u00e9nit\u00e9. Il est id\u00e9al pour une d\u00e9tente compl\u00e8te. Il est temps de plonger ! [\/et_pb_text][\/et_pb_column][\/et_pb_row][\/et_pb_section][et_pb_section fb_built=\u00a0\u00bb1&Prime; custom_padding_last_edited=\u00a0\u00bbon|desktop\u00a0\u00bb _builder_version=\u00a0\u00bb4.27.4&Prime; _module_preset=\u00a0\u00bbdefault\u00a0\u00bb custom_margin=\u00a0\u00bb0px||0px||false|false\u00a0\u00bb custom_padding=\u00a0\u00bb0px||50px||false|false\u00a0\u00bb custom_padding_tablet=\u00a0\u00bb0px||50px||false|false\u00a0\u00bb custom_padding_phone=\u00a0\u00bb||0px||false|false\u00a0\u00bb locked=\u00a0\u00bboff\u00a0\u00bb global_colors_info=\u00a0\u00bb{}\u00a0\u00bb][et_pb_row _builder_version=\u00a0\u00bb4.27.0&Prime; _module_preset=\u00a0\u00bbdefault\u00a0\u00bb width=\u00a0\u00bb100%\u00a0\u00bb max_width=\u00a0\u00bb2560px\u00a0\u00bb custom_margin=\u00a0\u00bb0px||0px||false|false\u00a0\u00bb custom_padding=\u00a0\u00bb0px||0px||false|false\u00a0\u00bb locked=\u00a0\u00bboff\u00a0\u00bb global_colors_info=\u00a0\u00bb{}\u00a0\u00bb][et_pb_column type=\u00a0\u00bb4_4&Prime; _builder_version=\u00a0\u00bb4.27.0&Prime; _module_preset=\u00a0\u00bbdefault\u00a0\u00bb custom_padding=\u00a0\u00bb||||false|false\u00a0\u00bb global_colors_info=\u00a0\u00bb{}\u00a0\u00bb][et_pb_slider _builder_version=\u00a0\u00bb4.27.5&Prime; _module_preset=\u00a0\u00bbdefault\u00a0\u00bb header_text_color=\u00a0\u00bb#313131&Prime; header_letter_spacing=\u00a0\u00bb1px\u00a0\u00bb body_text_color=\u00a0\u00bb#313131&Prime; module_alignment=\u00a0\u00bbright\u00a0\u00bb min_height=\u00a0\u00bb900px\u00a0\u00bb min_height_tablet=\u00a0\u00bb650px\u00a0\u00bb min_height_phone=\u00a0\u00bb350px\u00a0\u00bb min_height_last_edited=\u00a0\u00bbon|phone\u00a0\u00bb global_colors_info=\u00a0\u00bb{}\u00a0\u00bb][et_pb_slide _builder_version=\u00a0\u00bb4.27.5&Prime; _module_preset=\u00a0\u00bbdefault\u00a0\u00bb background_image=\u00a0\u00bbhttp:\/\/sundanceapartments.com\/wp-content\/uploads\/2025\/12\/SUNDANCE_ACTIVITIES_GOLF_1920_X_1080-3.jpg\u00a0\u00bb background_enable_image=\u00a0\u00bbon\u00a0\u00bb global_colors_info=\u00a0\u00bb{}\u00a0\u00bb sticky_transition=\u00a0\u00bbon\u00a0\u00bb][\/et_pb_slide][et_pb_slide _builder_version=\u00a0\u00bb4.27.5&Prime; _module_preset=\u00a0\u00bbdefault\u00a0\u00bb background_image=\u00a0\u00bbhttp:\/\/sundanceapartments.com\/wp-content\/uploads\/2025\/12\/SUNDANCE_ACTIVITIES_HIKING_1920_X_1080-1.jpg\u00a0\u00bb background_enable_image=\u00a0\u00bbon\u00a0\u00bb global_colors_info=\u00a0\u00bb{}\u00a0\u00bb sticky_transition=\u00a0\u00bbon\u00a0\u00bb][\/et_pb_slide][et_pb_slide _builder_version=\u00a0\u00bb4.27.5&Prime; _module_preset=\u00a0\u00bbdefault\u00a0\u00bb background_image=\u00a0\u00bbhttp:\/\/sundanceapartments.com\/wp-content\/uploads\/2025\/12\/SUNDANCE_ACTIVITIES_SKOTINO_CAVE_1920_X_1080-2.jpg\u00a0\u00bb background_enable_image=\u00a0\u00bbon\u00a0\u00bb global_colors_info=\u00a0\u00bb{}\u00a0\u00bb sticky_transition=\u00a0\u00bbon\u00a0\u00bb][\/et_pb_slide][\/et_pb_slider][\/et_pb_column][\/et_pb_row][et_pb_row column_structure=\u00a0\u00bb1_2,1_2&Prime; custom_padding_last_edited=\u00a0\u00bbon|phone\u00a0\u00bb _builder_version=\u00a0\u00bb4.27.2&Prime; _module_preset=\u00a0\u00bbdefault\u00a0\u00bb width_tablet=\u00a0\u00bb\u00a0\u00bb width_phone=\u00a0\u00bb90%\u00a0\u00bb width_last_edited=\u00a0\u00bbon|phone\u00a0\u00bb max_width=\u00a0\u00bb2560px\u00a0\u00bb custom_padding=\u00a0\u00bb60px||6px||false|false\u00a0\u00bb custom_padding_tablet=\u00a0\u00bb120px||120px||false|false\u00a0\u00bb custom_padding_phone=\u00a0\u00bb0px||40px||false|false\u00a0\u00bb locked=\u00a0\u00bboff\u00a0\u00bb global_colors_info=\u00a0\u00bb{}\u00a0\u00bb][et_pb_column type=\u00a0\u00bb1_2&Prime; _builder_version=\u00a0\u00bb4.27.0&Prime; _module_preset=\u00a0\u00bbdefault\u00a0\u00bb custom_padding=\u00a0\u00bb||||false|false\u00a0\u00bb global_colors_info=\u00a0\u00bb{}\u00a0\u00bb][et_pb_text _builder_version=\u00a0\u00bb4.27.5&Prime; _module_preset=\u00a0\u00bb_initial\u00a0\u00bb text_font=\u00a0\u00bb|||on|||||\u00a0\u00bb text_text_color=\u00a0\u00bb#313131&Prime; text_line_height=\u00a0\u00bb1.2em\u00a0\u00bb custom_margin=\u00a0\u00bb0px|0px|5px|0px|false|false\u00a0\u00bb custom_margin_tablet=\u00a0\u00bb0px|0px|10px|0px|false|false\u00a0\u00bb custom_margin_phone=\u00a0\u00bb35px||5px||false|false\u00a0\u00bb custom_margin_last_edited=\u00a0\u00bbon|desktop\u00a0\u00bb custom_padding=\u00a0\u00bb0px|0px|0px|0px|false|false\u00a0\u00bb locked=\u00a0\u00bboff\u00a0\u00bb global_colors_info=\u00a0\u00bb{}\u00a0\u00bb]<\/p>\n<p>activit\u00e9s<\/p>\n<p>[\/et_pb_text][et_pb_text module_class=\u00a0\u00bbitaliana-regular\u00a0\u00bb _builder_version=\u00a0\u00bb4.27.5&Prime; _module_preset=\u00a0\u00bb_initial\u00a0\u00bb text_text_color=\u00a0\u00bb#313131&Prime; text_font_size=\u00a0\u00bb32px\u00a0\u00bb text_line_height=\u00a0\u00bb1.2em\u00a0\u00bb width=\u00a0\u00bb51%\u00a0\u00bb width_tablet=\u00a0\u00bb51%\u00a0\u00bb width_phone=\u00a0\u00bb100%\u00a0\u00bb width_last_edited=\u00a0\u00bbon|phone\u00a0\u00bb custom_margin=\u00a0\u00bb0px||10px||false|false\u00a0\u00bb custom_margin_tablet=\u00a0\u00bb0px||10px||false|false\u00a0\u00bb custom_margin_phone=\u00a0\u00bb||0px||false|false\u00a0\u00bb custom_margin_last_edited=\u00a0\u00bbon|desktop\u00a0\u00bb custom_padding=\u00a0\u00bb||0px||false|false\u00a0\u00bb locked=\u00a0\u00bboff\u00a0\u00bb global_colors_info=\u00a0\u00bb{}\u00a0\u00bb]<\/p>\n<p>Explorer la culture ancienne et la vie locale<\/p>\n<p>[\/et_pb_text][\/et_pb_column][et_pb_column type=\u00a0\u00bb1_2&Prime; _builder_version=\u00a0\u00bb4.27.0&Prime; _module_preset=\u00a0\u00bbdefault\u00a0\u00bb global_colors_info=\u00a0\u00bb{}\u00a0\u00bb][et_pb_text _builder_version=\u00a0\u00bb4.27.5&Prime; _module_preset=\u00a0\u00bb_initial\u00a0\u00bb custom_margin=\u00a0\u00bb||||false|false\u00a0\u00bb custom_margin_tablet=\u00a0\u00bb||||false|false\u00a0\u00bb custom_margin_phone=\u00a0\u00bb||||false|false\u00a0\u00bb custom_margin_last_edited=\u00a0\u00bbon|desktop\u00a0\u00bb custom_padding=\u00a0\u00bb0px||||false|false\u00a0\u00bb global_colors_info=\u00a0\u00bb{}\u00a0\u00bb]L&rsquo;aventure vous attend juste apr\u00e8s le village. Vous pouvez marcher jusqu&rsquo;\u00e0 l&rsquo;\u00e9tonnant village de Koutouloufari pour d\u00e9couvrir son ambiance locale authentique et trouver de charmantes tavernes et de petites boutiques. Faites une randonn\u00e9e dans les gorges d&rsquo;Aposelemis, les plus longues du nord d&rsquo;H\u00e9raklion (6 km). Suivez les sentiers qui passent devant d&rsquo;anciens ponts de pierre et des arches v\u00e9nitiennes ; la randonn\u00e9e dure de 2 \u00e0 4 heures. Explorez l&rsquo;histoire naturelle \u00e0 la fascinante grotte de Skotino, un site impressionnant utilis\u00e9 comme sanctuaire depuis l&rsquo;\u00e9poque minoenne. Les amateurs de golf peuvent faire une partie difficile au Crete Golf Club (6,5 km). Il s&rsquo;agit du seul terrain de golf de 18 trous aux normes internationales en Cr\u00e8te, \u00e0 quelques minutes de Koutouloufari. Entour\u00e9 par le paysage impressionnant des montagnes de Lassithi, il offre une excellente exp\u00e9rience de jeu pour les joueurs de tous niveaux.[\/et_pb_text][\/et_pb_column][\/et_pb_row][\/et_pb_section][et_pb_section fb_built=\u00a0\u00bb1&Prime; _builder_version=\u00a0\u00bb4.27.5&Prime; _module_preset=\u00a0\u00bbdefault\u00a0\u00bb background_color=\u00a0\u00bbRGBA(255,255,255,0)\u00a0\u00bb hover_enabled=\u00a0\u00bb0&Prime; global_colors_info=\u00a0\u00bb{}\u00a0\u00bb disabled_on=\u00a0\u00bbon|on|on\u00a0\u00bb disabled=\u00a0\u00bbon\u00a0\u00bb sticky_enabled=\u00a0\u00bb0&Prime;][et_pb_row column_structure=\u00a0\u00bb3_5,2_5&Prime; _builder_version=\u00a0\u00bb4.27.4&Prime; _module_preset=\u00a0\u00bbdefault\u00a0\u00bb width=\u00a0\u00bb100%\u00a0\u00bb width_tablet=\u00a0\u00bb100%\u00a0\u00bb width_phone=\u00a0\u00bb100%\u00a0\u00bb width_last_edited=\u00a0\u00bbon|phone\u00a0\u00bb max_width=\u00a0\u00bb2560px\u00a0\u00bb custom_margin=\u00a0\u00bb0px|0px|0px|0px|false|false\u00a0\u00bb custom_margin_tablet=\u00a0\u00bb0px|0px|0px|0px|false|false\u00a0\u00bb custom_margin_phone=\u00a0\u00bb0px|0px|0px|0px|false|false\u00a0\u00bb custom_margin_last_edited=\u00a0\u00bbon|phone\u00a0\u00bb custom_padding=\u00a0\u00bb0px|0px|0px|0px|false|false\u00a0\u00bb locked=\u00a0\u00bboff\u00a0\u00bb global_colors_info=\u00a0\u00bb{}\u00a0\u00bb][et_pb_column type=\u00a0\u00bb3_5&Prime; _builder_version=\u00a0\u00bb4.24.2&Prime; _module_preset=\u00a0\u00bbdefault\u00a0\u00bb global_colors_info=\u00a0\u00bb{}\u00a0\u00bb][et_pb_image src=\u00a0\u00bbhttp:\/\/sundanceapartments.com\/wp-content\/uploads\/2025\/12\/SUNDANCE_EXPERIENCES_GYM_1600_X_1200.jpg\u00a0\u00bb alt=\u00a0\u00bbAquila Rithyma Beach Crete Hotel\u00a0\u00bb title_text=\u00a0\u00bbSUNDANCE_EXPERIENCES_GYM_1600_X_1200&Prime; _builder_version=\u00a0\u00bb4.27.5&Prime; _module_preset=\u00a0\u00bbdefault\u00a0\u00bb scroll_vertical_motion=\u00a0\u00bb0|70|70|100|4|0|-4&Prime; global_colors_info=\u00a0\u00bb{}\u00a0\u00bb][\/et_pb_image][\/et_pb_column][et_pb_column type=\u00a0\u00bb2_5&Prime; _builder_version=\u00a0\u00bb4.24.3&Prime; _module_preset=\u00a0\u00bbdefault\u00a0\u00bb custom_padding=\u00a0\u00bb||||false|false\u00a0\u00bb global_colors_info=\u00a0\u00bb{}\u00a0\u00bb][et_pb_text _builder_version=\u00a0\u00bb4.27.5&Prime; _module_preset=\u00a0\u00bb_initial\u00a0\u00bb text_font=\u00a0\u00bb|||on|||||\u00a0\u00bb text_text_color=\u00a0\u00bb#313131&Prime; text_letter_spacing=\u00a0\u00bb1px\u00a0\u00bb text_line_height=\u00a0\u00bb1em\u00a0\u00bb max_width_tablet=\u00a0\u00bb\u00a0\u00bb max_width_phone=\u00a0\u00bb\u00a0\u00bb max_width_last_edited=\u00a0\u00bbon|desktop\u00a0\u00bb custom_margin=\u00a0\u00bb120px||10px||false|false\u00a0\u00bb custom_margin_tablet=\u00a0\u00bb120px||20px||false|false\u00a0\u00bb custom_margin_phone=\u00a0\u00bb-10px||5px||false|false\u00a0\u00bb custom_margin_last_edited=\u00a0\u00bbon|phone\u00a0\u00bb custom_padding=\u00a0\u00bb|0%||0%|false|true\u00a0\u00bb custom_padding_tablet=\u00a0\u00bb|10%||10%|false|true\u00a0\u00bb custom_padding_phone=\u00a0\u00bb|5%||5%|false|true\u00a0\u00bb custom_padding_last_edited=\u00a0\u00bbon|phone\u00a0\u00bb global_colors_info=\u00a0\u00bb{}\u00a0\u00bb]<\/p>\n<p>bien-\u00eatre<\/p>\n<p>[\/et_pb_text][et_pb_text module_class=\u00a0\u00bbet_pb_slide_titleDifference\u00a0\u00bb _builder_version=\u00a0\u00bb4.27.5&Prime; _module_preset=\u00a0\u00bb_initial\u00a0\u00bb text_text_color=\u00a0\u00bb#313131&Prime; text_font_size=\u00a0\u00bb32px\u00a0\u00bb text_letter_spacing=\u00a0\u00bb1px\u00a0\u00bb text_line_height=\u00a0\u00bb1em\u00a0\u00bb custom_margin=\u00a0\u00bb0px||20px||false|false\u00a0\u00bb custom_margin_tablet=\u00a0\u00bb0px||20px||false|false\u00a0\u00bb custom_margin_phone=\u00a0\u00bb0px||20px||false|false\u00a0\u00bb custom_margin_last_edited=\u00a0\u00bbon|desktop\u00a0\u00bb custom_padding=\u00a0\u00bb|0%||0%|false|true\u00a0\u00bb custom_padding_tablet=\u00a0\u00bb|10%||10%|false|true\u00a0\u00bb custom_padding_phone=\u00a0\u00bb|5%||5%|false|true\u00a0\u00bb custom_padding_last_edited=\u00a0\u00bbon|phone\u00a0\u00bb global_colors_info=\u00a0\u00bb{}\u00a0\u00bb]Vie active et \u00e9quilibr\u00e9e[\/et_pb_text][et_pb_text module_class=\u00a0\u00bbmainTextWeight\u00a0\u00bb _builder_version=\u00a0\u00bb4.27.5&Prime; _module_preset=\u00a0\u00bb_initial\u00a0\u00bb text_line_height=\u00a0\u00bb1.8em\u00a0\u00bb custom_margin=\u00a0\u00bb0px||0px||false|false\u00a0\u00bb custom_margin_tablet=\u00a0\u00bb0px||0px||false|false\u00a0\u00bb custom_margin_phone=\u00a0\u00bb0px||0px||false|false\u00a0\u00bb custom_margin_last_edited=\u00a0\u00bbon|desktop\u00a0\u00bb custom_padding=\u00a0\u00bb0px|10%|0px|0%|false|false\u00a0\u00bb custom_padding_tablet=\u00a0\u00bb||100px||false|false\u00a0\u00bb custom_padding_phone=\u00a0\u00bb|5%|20px|5%|false|false\u00a0\u00bb custom_padding_last_edited=\u00a0\u00bbon|phone\u00a0\u00bb global_colors_info=\u00a0\u00bb{}\u00a0\u00bb]Nourrissez votre corps et votre esprit avec des activit\u00e9s qui c\u00e9l\u00e8brent la nature cr\u00e9toise. L&rsquo;h\u00f4tel dispose d\u00e9sormais d&rsquo;une nouvelle salle de sport pour vous permettre de faire du sport en salle. Nagez dans nos piscines tranquilles ou embrassez la mer d&rsquo;un bleu limpide. Vous pouvez explorer le riche monde sous-marin directement gr\u00e2ce \u00e0 un acc\u00e8s facile aux excursions de plong\u00e9e et de snorkeling. Pour faire de l&rsquo;exercice tout en profitant d&rsquo;une vue imprenable, vous pouvez marcher ou faire de la randonn\u00e9e sur les magnifiques sentiers anciens de la r\u00e9gion. Ces sentiers serpentent \u00e0 travers les collines et les oliveraies.[\/et_pb_text][\/et_pb_column][\/et_pb_row][\/et_pb_section][et_pb_section fb_built=\u00a0\u00bb1&Prime; disabled_on=\u00a0\u00bboff|off|on\u00a0\u00bb module_class=\u00a0\u00bbstickyBook\u00a0\u00bb _builder_version=\u00a0\u00bb4.27.2&Prime; _module_preset=\u00a0\u00bbdefault\u00a0\u00bb background_color=\u00a0\u00bb#b6a486&Prime; custom_margin=\u00a0\u00bb0px||0px||false|false\u00a0\u00bb custom_padding=\u00a0\u00bb0px||0px||false|false\u00a0\u00bb locked=\u00a0\u00bboff\u00a0\u00bb global_colors_info=\u00a0\u00bb{}\u00a0\u00bb][et_pb_row _builder_version=\u00a0\u00bb4.27.0&Prime; _module_preset=\u00a0\u00bbdefault\u00a0\u00bb custom_margin=\u00a0\u00bb0px||0px||false|false\u00a0\u00bb custom_padding=\u00a0\u00bb10px||10px||false|false\u00a0\u00bb global_colors_info=\u00a0\u00bb{}\u00a0\u00bb][et_pb_column type=\u00a0\u00bb4_4&Prime; _builder_version=\u00a0\u00bb4.27.0&Prime; _module_preset=\u00a0\u00bbdefault\u00a0\u00bb global_colors_info=\u00a0\u00bb{}\u00a0\u00bb][et_pb_button button_url=\u00a0\u00bb@ET-DC@eyJkeW5hbWljIjp0cnVlLCJjb250ZW50IjoicG9zdF9saW5rX3VybF9wYWdlIiwic2V0dGluZ3MiOnsicG9zdF9pZCI6IjI1NDAifX0=@\u00a0\u00bb button_text=\u00a0\u00bbV\u00e9rifier les tarifs\u00a0\u00bb button_alignment=\u00a0\u00bbcenter\u00a0\u00bb admin_label=\u00a0\u00bbButton\u00a0\u00bb _builder_version=\u00a0\u00bb4.27.2&Prime; _dynamic_attributes=\u00a0\u00bbbutton_url\u00a0\u00bb _module_preset=\u00a0\u00bbdefault\u00a0\u00bb custom_button=\u00a0\u00bbon\u00a0\u00bb button_text_size=\u00a0\u00bb17px\u00a0\u00bb button_text_color=\u00a0\u00bb#FFFFFF\u00a0\u00bb button_bg_color=\u00a0\u00bb#b6a486&Prime; button_border_color=\u00a0\u00bbrgba(182,164,134,0.66)\u00a0\u00bb custom_margin=\u00a0\u00bb0px||0px||false|false\u00a0\u00bb locked=\u00a0\u00bboff\u00a0\u00bb global_colors_info=\u00a0\u00bb{}\u00a0\u00bb][\/et_pb_button][\/et_pb_column][\/et_pb_row][\/et_pb_section]<\/p>\n","protected":false},"excerpt":{"rendered":"<p>Des moments qui vous font sourireD\u00e9couvrez le meilleur de la Cr\u00e8te en s\u00e9journant \u00e0 Sundance Apartments &amp; Suites. Votre s\u00e9jour allie d\u00e9tente et aventure authentique. Situ\u00e9 dans le village pittoresque de Koutouloufari, l&rsquo;\u00e9tablissement Sundance Apartments &amp; Suites constitue un point de d\u00e9part id\u00e9al pour les familles qui explorent la r\u00e9gion. En savourant les saveurs authentiques [&hellip;]<\/p>\n","protected":false},"author":2,"featured_media":0,"parent":0,"menu_order":0,"comment_status":"closed","ping_status":"closed","template":"","meta":{"_et_pb_use_builder":"on","_et_pb_old_content":"","_et_gb_content_width":"","footnotes":""},"class_list":["post-7248","page","type-page","status-publish","hentry"],"_links":{"self":[{"href":"https:\/\/sundanceapartments.com\/fr\/wp-json\/wp\/v2\/pages\/7248","targetHints":{"allow":["GET"]}}],"collection":[{"href":"https:\/\/sundanceapartments.com\/fr\/wp-json\/wp\/v2\/pages"}],"about":[{"href":"https:\/\/sundanceapartments.com\/fr\/wp-json\/wp\/v2\/types\/page"}],"author":[{"embeddable":true,"href":"https:\/\/sundanceapartments.com\/fr\/wp-json\/wp\/v2\/users\/2"}],"replies":[{"embeddable":true,"href":"https:\/\/sundanceapartments.com\/fr\/wp-json\/wp\/v2\/comments?post=7248"}],"version-history":[{"count":6,"href":"https:\/\/sundanceapartments.com\/fr\/wp-json\/wp\/v2\/pages\/7248\/revisions"}],"predecessor-version":[{"id":7298,"href":"https:\/\/sundanceapartments.com\/fr\/wp-json\/wp\/v2\/pages\/7248\/revisions\/7298"}],"wp:attachment":[{"href":"https:\/\/sundanceapartments.com\/fr\/wp-json\/wp\/v2\/media?parent=7248"}],"curies":[{"name":"wp","href":"https:\/\/api.w.org\/{rel}","templated":true}]}}